{"id":1076,"date":"2021-03-16T12:20:21","date_gmt":"2021-03-16T11:20:21","guid":{"rendered":"https:\/\/hausarztpraxis-hagen.de\/?page_id=1076"},"modified":"2021-10-21T01:31:10","modified_gmt":"2021-10-20T23:31:10","slug":"onlinebestellungen","status":"publish","type":"page","link":"https:\/\/hausarztpraxis-hagen.de\/?page_id=1076","title":{"rendered":"Onlinebestellungen"},"content":{"rendered":"<div id=\"pl-1076\"  class=\"panel-layout\" ><div id=\"pg-1076-0\"  class=\"panel-grid panel-no-style\" ><div id=\"pgc-1076-0-0\"  class=\"panel-grid-cell\" ><div id=\"panel-1076-0-0-0\" class=\"so-panel widget widget_sow-editor panel-first-child panel-last-child\" data-index=\"0\" ><div\n\t\t\t\n\t\t\tclass=\"so-widget-sow-editor so-widget-sow-editor-base\"\n\t\t\t\n\t\t>\n<div class=\"siteorigin-widget-tinymce textwidget\">\n\t<p>Ab sofort k\u00f6nnen Sie Rezepte einfach online-bestellen und schon am n\u00e4chsten Tag ohne lange Wartezeit abholen. Bitte beachten Sie, dass wir auf diesem Wege nur die uns bekannte Dauermedikation als Folgerezept ausstellen k\u00f6nnen und Sie als gesetzlich Versicherte nach Quartalswechsel Ihre elektronische Gesundheitskarte mitbringen m\u00fcssen.<\/p>\n<\/div>\n<\/div><\/div><\/div><\/div><div id=\"pg-1076-1\"  class=\"panel-grid panel-no-style\" ><div id=\"pgc-1076-1-0\"  class=\"panel-grid-cell\" ><div id=\"panel-1076-1-0-0\" class=\"so-panel widget widget_pw_accordion widget-accordion panel-first-child panel-last-child\" data-index=\"1\" ><div class=\"panel-widget-style panel-widget-style-for-1076-1-0-0\" >\t<div class=\"accordion panel-group\" id=\"accordion-widget-1-0-0\" role=\"tablist\" aria-multiselectable=\"true\">\n\t\t\t<div class=\"accordion__panel  panel  panel-default\">\n\t\t\t<div class=\"accordion__heading  panel-heading\" role=\"tab\" id=\"heading-widget-1-0-0-1\">\n\t\t\t\t<div class=\"panel-title\">\n\t\t\t\t\t<a class=\"collapsed\" role=\"button\" data-toggle=\"collapse\" data-parent=\"#accordion-widget-1-0-0\" href=\"#collapse-widget-1-0-0-1\" aria-expanded=\"false\" aria-controls=\"collapse-widget-1-0-0-1\">\n\t\t\t\t\t\tOnlinerezeptformular\t\t\t\t\t<\/a>\n\t\t\t\t<\/div>\n\t\t\t<\/div>\n\t\t\t<div id=\"collapse-widget-1-0-0-1\" class=\"accordion__content  panel-collapse  collapse\" role=\"tabpanel\" aria-labelledby=\"heading-widget-1-0-0-1\">\n\t\t\t\t<div class=\"panel-body\">\n\t\t\t\t\t<div class=\"wpcf7 no-js\" id=\"wpcf7-f1043-o1\" lang=\"en-US\" dir=\"ltr\">\n<div class=\"screen-reader-response\"><p role=\"status\" aria-live=\"polite\" aria-atomic=\"true\"><\/p> <ul><\/ul><\/div>\n<form action=\"\/index.php?rest_route=%2Fwp%2Fv2%2Fpages%2F1076#wpcf7-f1043-o1\" method=\"post\" class=\"wpcf7-form init\" aria-label=\"Contact form\" novalidate=\"novalidate\" data-status=\"init\">\n<div style=\"display: none;\">\n<input type=\"hidden\" name=\"_wpcf7\" value=\"1043\" \/>\n<input type=\"hidden\" name=\"_wpcf7_version\" value=\"5.7\" \/>\n<input type=\"hidden\" name=\"_wpcf7_locale\" value=\"en_US\" \/>\n<input type=\"hidden\" name=\"_wpcf7_unit_tag\" value=\"wpcf7-f1043-o1\" \/>\n<input type=\"hidden\" name=\"_wpcf7_container_post\" value=\"0\" \/>\n<input type=\"hidden\" name=\"_wpcf7_posted_data_hash\" value=\"\" \/>\n<\/div>\n<div class=\"row\">\n\t<p><br \/>\n\t<\/p>\n\t<div class=\"col-xs-12  col-lg-4\">\n\t\t<p><br \/>\nIhr Vorname:*<br \/>\n<span class=\"wpcf7-form-control-wrap\" data-name=\"vorname\"><input size=\"40\" class=\"wpcf7-form-control wpcf7-text wpcf7-validates-as-required form-control\" aria-required=\"true\" aria-invalid=\"false\" value=\"\" type=\"text\" name=\"vorname\" \/><\/span><br \/>\n\t\t<\/p>\n\t<\/div>\n\t<p><br \/>\n\t<\/p>\n\t<div class=\"col-xs-12  col-lg-4\">\n\t\t<p><br \/>\nIhr Nachname:*<br \/>\n<span class=\"wpcf7-form-control-wrap\" data-name=\"nachname\"><input size=\"40\" class=\"wpcf7-form-control wpcf7-text wpcf7-validates-as-required form-control\" aria-required=\"true\" aria-invalid=\"false\" value=\"\" type=\"text\" name=\"nachname\" \/><\/span><br \/>\n\t\t<\/p>\n\t<\/div>\n\t<p><br \/>\n\t<\/p>\n\t<div class=\"col-xs-12  col-lg-4\">\n\t\t<p><br \/>\nIhr Geburtsdatum:*<br \/>\n<span class=\"wpcf7-form-control-wrap\" data-name=\"geburtsdatum\"><input class=\"wpcf7-form-control wpcf7-date wpcf7-validates-as-required wpcf7-validates-as-date form-control\" aria-required=\"true\" aria-invalid=\"false\" value=\"\" type=\"date\" name=\"geburtsdatum\" \/><\/span><br \/>\n\t\t<\/p>\n\t<\/div>\n\t<p><br \/>\n\t<\/p>\n\t<div class=\"col-xs-12  col-lg-4\">\n\t\t<p><br \/>\nIhre Telefonnummer:*<br \/>\n<span class=\"wpcf7-form-control-wrap\" data-name=\"telefonnummer\"><input size=\"40\" class=\"wpcf7-form-control wpcf7-text wpcf7-tel wpcf7-validates-as-required wpcf7-validates-as-tel form-control\" aria-required=\"true\" aria-invalid=\"false\" value=\"\" type=\"tel\" name=\"telefonnummer\" \/><\/span><br \/>\n\t\t<\/p>\n\t<\/div>\n\t<p><br \/>\n\t<\/p>\n\t<div class=\"col-xs-12  col-lg-4\">\n\t\t<p><br \/>\nIhre Stra\u00dfe + Hausnummer:*<br \/>\n<span class=\"wpcf7-form-control-wrap\" data-name=\"strasse-nummer\"><input size=\"40\" class=\"wpcf7-form-control wpcf7-text wpcf7-validates-as-required form-control\" aria-required=\"true\" aria-invalid=\"false\" value=\"\" type=\"text\" name=\"strasse-nummer\" \/><\/span><br \/>\n\t\t<\/p>\n\t<\/div>\n\t<p><br \/>\n\t<\/p>\n\t<div class=\"col-xs-12  col-lg-4\">\n\t\t<p><br \/>\nIhr Wohnort + PLZ:*<br \/>\n<span class=\"wpcf7-form-control-wrap\" data-name=\"wohnort-plz\"><input size=\"40\" class=\"wpcf7-form-control wpcf7-text wpcf7-validates-as-required form-control\" aria-required=\"true\" aria-invalid=\"false\" value=\"\" type=\"text\" name=\"wohnort-plz\" \/><\/span><br \/>\n\t\t<\/p>\n\t<\/div>\n\t<p><br \/>\n\t<\/p>\n\t<div class=\"col-xs-12  col-lg-4\">\n\t\t<p><br \/>\nIhre E-Mail:*<br \/>\n<span class=\"wpcf7-form-control-wrap\" data-name=\"e-mail\"><input size=\"40\" class=\"wpcf7-form-control wpcf7-text wpcf7-email wpcf7-validates-as-required wpcf7-validates-as-email form-control\" aria-required=\"true\" aria-invalid=\"false\" value=\"\" type=\"email\" name=\"e-mail\" \/><\/span><br \/>\n\t\t<\/p>\n\t<\/div>\n\t<p><br \/>\n\t<\/p>\n\t<div class=\"col-xs-12  col-lg-4\">\n\t\t<p><br \/>\nWelches Medikament:*<br \/>\n<span class=\"wpcf7-form-control-wrap\" data-name=\"medikament\"><input size=\"40\" class=\"wpcf7-form-control wpcf7-text wpcf7-validates-as-required form-control\" aria-required=\"true\" aria-invalid=\"false\" value=\"\" type=\"text\" name=\"medikament\" \/><\/span><br \/>\n\t\t<\/p>\n\t<\/div>\n\t<p><br \/>\n\t<\/p>\n\t<div class=\"col-xs-12  col-lg-4\">\n\t\t<p><br \/>\nDie Menge:*<br \/>\n<span class=\"wpcf7-form-control-wrap\" data-name=\"menge\"><input class=\"wpcf7-form-control wpcf7-number wpcf7-validates-as-required wpcf7-validates-as-number form-control\" min=\"1\" max=\"10\" aria-required=\"true\" aria-invalid=\"false\" value=\"1\" type=\"number\" name=\"menge\" \/><\/span><br \/>\n\t\t<\/p>\n\t<\/div>\n\t<p><br \/>\n\t<\/p>\n\t<div class=\"col-xs-12\">\n\t\t<p><br \/>\nIhre Nachricht:<br \/>\n<span class=\"wpcf7-form-control-wrap\" data-name=\"nachricht\"><textarea cols=\"40\" rows=\"10\" class=\"wpcf7-form-control wpcf7-textarea form-control\" aria-invalid=\"false\" name=\"nachricht\"><\/textarea><\/span><br \/>\n<span class=\"wpcf7-form-control-wrap\" data-name=\"acceptance-692\"><span class=\"wpcf7-form-control wpcf7-acceptance\"><span class=\"wpcf7-list-item\"><label><input type=\"checkbox\" name=\"acceptance-692\" value=\"1\" aria-invalid=\"false\" \/><span class=\"wpcf7-list-item-label\">Ich habe die <a href=\"https:\/\/hausarztpraxis-hagen.de\/?page_id=1386\" target=\"_blank\" rel=\"noopener\">Datenschutzerkl\u00e4rung<\/a> zur Kenntnis genommen. Ich stimme zu, dass meine Angaben zur Kontaktaufnahme, f\u00fcr R\u00fcckfragen und f\u00fcr die Ausf\u00fchrung der Anfrage, gespeichert werden.<\/span><\/label><\/span><\/span><\/span><br \/>\n<input class=\"wpcf7-form-control has-spinner wpcf7-submit btn btn-secondary\" type=\"submit\" value=\"Senden\" \/><input type=\"reset\" class='btn btn-primary' \/><br \/>\n\t\t<\/p>\n\t<\/div>\n\t<p><br \/>\n\t<\/p>\n<\/div><input type='hidden' class='wpcf7-pum' value='{\"closepopup\":false,\"closedelay\":0,\"openpopup\":false,\"openpopup_id\":0}' \/><div class=\"wpcf7-response-output\" aria-hidden=\"true\"><\/div><\/form><\/div>\t\t\t\t<\/div>\n\t\t\t<\/div>\n\t\t<\/div>\n\t\t\t<\/div>\n\n<\/div><\/div><\/div><\/div><div id=\"pg-1076-2\"  class=\"panel-grid panel-no-style\" ><div id=\"pgc-1076-2-0\"  class=\"panel-grid-cell\" ><div id=\"panel-1076-2-0-0\" class=\"so-panel widget widget_sow-editor panel-first-child panel-last-child\" data-index=\"2\" ><div\n\t\t\t\n\t\t\tclass=\"so-widget-sow-editor so-widget-sow-editor-base\"\n\t\t\t\n\t\t>\n<div class=\"siteorigin-widget-tinymce textwidget\">\n\t<p>Ab sofort k\u00f6nnen Sie \u00dcberweisungen einfach online-bestellen und schon am n\u00e4chsten Tag ohne lange Wartezeit abholen. Bitte beachten Sie, dass Sie als gesetzlich Versicherte nach Quartalswechsel Ihre elektronische Gesundheitskarte mitbringen m\u00fcssen.<\/p>\n<\/div>\n<\/div><\/div><\/div><\/div><div id=\"pg-1076-3\"  class=\"panel-grid panel-no-style\" ><div id=\"pgc-1076-3-0\"  class=\"panel-grid-cell\" ><div id=\"panel-1076-3-0-0\" class=\"so-panel widget widget_pw_accordion widget-accordion panel-first-child panel-last-child\" data-index=\"3\" ><div class=\"panel-widget-style panel-widget-style-for-1076-3-0-0\" >\t<div class=\"accordion panel-group\" id=\"accordion-widget-3-0-0\" role=\"tablist\" aria-multiselectable=\"true\">\n\t\t\t<div class=\"accordion__panel  panel  panel-default\">\n\t\t\t<div class=\"accordion__heading  panel-heading\" role=\"tab\" id=\"heading-widget-3-0-0-2\">\n\t\t\t\t<div class=\"panel-title\">\n\t\t\t\t\t<a class=\"collapsed\" role=\"button\" data-toggle=\"collapse\" data-parent=\"#accordion-widget-3-0-0\" href=\"#collapse-widget-3-0-0-2\" aria-expanded=\"false\" aria-controls=\"collapse-widget-3-0-0-2\">\n\t\t\t\t\t\tOnline\u00fcberweisung\t\t\t\t\t<\/a>\n\t\t\t\t<\/div>\n\t\t\t<\/div>\n\t\t\t<div id=\"collapse-widget-3-0-0-2\" class=\"accordion__content  panel-collapse  collapse\" role=\"tabpanel\" aria-labelledby=\"heading-widget-3-0-0-2\">\n\t\t\t\t<div class=\"panel-body\">\n\t\t\t\t\t<div class=\"wpcf7 no-js\" id=\"wpcf7-f1149-o2\" lang=\"en-US\" dir=\"ltr\">\n<div class=\"screen-reader-response\"><p role=\"status\" aria-live=\"polite\" aria-atomic=\"true\"><\/p> <ul><\/ul><\/div>\n<form action=\"\/index.php?rest_route=%2Fwp%2Fv2%2Fpages%2F1076#wpcf7-f1149-o2\" method=\"post\" class=\"wpcf7-form init\" aria-label=\"Contact form\" novalidate=\"novalidate\" data-status=\"init\">\n<div style=\"display: none;\">\n<input type=\"hidden\" name=\"_wpcf7\" value=\"1149\" \/>\n<input type=\"hidden\" name=\"_wpcf7_version\" value=\"5.7\" \/>\n<input type=\"hidden\" name=\"_wpcf7_locale\" value=\"en_US\" \/>\n<input type=\"hidden\" name=\"_wpcf7_unit_tag\" value=\"wpcf7-f1149-o2\" \/>\n<input type=\"hidden\" name=\"_wpcf7_container_post\" value=\"0\" \/>\n<input type=\"hidden\" name=\"_wpcf7_posted_data_hash\" value=\"\" \/>\n<\/div>\n<div class=\"row\">\n\t<p><br \/>\n\t<\/p>\n\t<div class=\"col-xs-12  col-lg-4\">\n\t\t<p><br \/>\nIhr Vorname:*<br \/>\n<span class=\"wpcf7-form-control-wrap\" data-name=\"vorname\"><input size=\"40\" class=\"wpcf7-form-control wpcf7-text wpcf7-validates-as-required form-control\" aria-required=\"true\" aria-invalid=\"false\" value=\"\" type=\"text\" name=\"vorname\" \/><\/span><br \/>\n\t\t<\/p>\n\t<\/div>\n\t<p><br \/>\n\t<\/p>\n\t<div class=\"col-xs-12  col-lg-4\">\n\t\t<p><br \/>\nIhr Nachname:*<br \/>\n<span class=\"wpcf7-form-control-wrap\" data-name=\"nachname\"><input size=\"40\" class=\"wpcf7-form-control wpcf7-text wpcf7-validates-as-required form-control\" aria-required=\"true\" aria-invalid=\"false\" value=\"\" type=\"text\" name=\"nachname\" \/><\/span><br \/>\n\t\t<\/p>\n\t<\/div>\n\t<p><br \/>\n\t<\/p>\n\t<div class=\"col-xs-12  col-lg-4\">\n\t\t<p><br \/>\nIhr Geburtsdatum:*<br \/>\n<span class=\"wpcf7-form-control-wrap\" data-name=\"geburtsdatum\"><input class=\"wpcf7-form-control wpcf7-date wpcf7-validates-as-required wpcf7-validates-as-date form-control\" aria-required=\"true\" aria-invalid=\"false\" value=\"\" type=\"date\" name=\"geburtsdatum\" \/><\/span><br \/>\n\t\t<\/p>\n\t<\/div>\n\t<p><br \/>\n\t<\/p>\n\t<div class=\"col-xs-12  col-lg-4\">\n\t\t<p><br \/>\nIhre Telefonnummer:*<br \/>\n<span class=\"wpcf7-form-control-wrap\" data-name=\"telefonnummer\"><input size=\"40\" class=\"wpcf7-form-control wpcf7-text wpcf7-tel wpcf7-validates-as-required wpcf7-validates-as-tel form-control\" aria-required=\"true\" aria-invalid=\"false\" value=\"\" type=\"tel\" name=\"telefonnummer\" \/><\/span><br \/>\n\t\t<\/p>\n\t<\/div>\n\t<p><br \/>\n\t<\/p>\n\t<div class=\"col-xs-12  col-lg-4\">\n\t\t<p><br \/>\nIhre Stra\u00dfe + Hausnummer:*<br \/>\n<span class=\"wpcf7-form-control-wrap\" data-name=\"strasse-nummer\"><input size=\"40\" class=\"wpcf7-form-control wpcf7-text wpcf7-validates-as-required form-control\" aria-required=\"true\" aria-invalid=\"false\" value=\"\" type=\"text\" name=\"strasse-nummer\" \/><\/span><br \/>\n\t\t<\/p>\n\t<\/div>\n\t<p><br \/>\n\t<\/p>\n\t<div class=\"col-xs-12  col-lg-4\">\n\t\t<p><br \/>\nIhr Wohnort + PLZ:<br \/>\n<span class=\"wpcf7-form-control-wrap\" data-name=\"wohnort-plz\"><input size=\"40\" class=\"wpcf7-form-control wpcf7-text wpcf7-validates-as-required form-control\" aria-required=\"true\" aria-invalid=\"false\" value=\"\" type=\"text\" name=\"wohnort-plz\" \/><\/span><br \/>\n\t\t<\/p>\n\t<\/div>\n\t<p><br \/>\n\t<\/p>\n\t<div class=\"col-xs-12  col-lg-4\">\n\t\t<p><br \/>\nIhre E-Mail:*<br \/>\n<span class=\"wpcf7-form-control-wrap\" data-name=\"e-mail\"><input size=\"40\" class=\"wpcf7-form-control wpcf7-text wpcf7-email wpcf7-validates-as-required wpcf7-validates-as-email form-control\" aria-required=\"true\" aria-invalid=\"false\" value=\"\" type=\"email\" name=\"e-mail\" \/><\/span><br \/>\n\t\t<\/p>\n\t<\/div>\n\t<p><br \/>\n\t<\/p>\n\t<div class=\"col-xs-12  col-lg-4\">\n\t\t<p><br \/>\nWelche Fachrichtung:*<br \/>\n<span class=\"wpcf7-form-control-wrap\" data-name=\"fachrichtung\"><select class=\"wpcf7-form-control wpcf7-select wpcf7-validates-as-required form-control\" aria-required=\"true\" aria-invalid=\"false\" name=\"fachrichtung\"><option value=\"Chirurgie\">Chirurgie<\/option><option value=\"Dermatologie (Hautarzt)\">Dermatologie (Hautarzt)<\/option><option value=\"Diabetologe\">Diabetologe<\/option><option value=\"Gastroenterologie (Magen-Darm-Spezialist)\">Gastroenterologie (Magen-Darm-Spezialist)<\/option><option value=\"Gef\u00e4\u00dfchirurgie\">Gef\u00e4\u00dfchirurgie<\/option><option value=\"Gyn\u00e4kologie (Frauenarzt)\">Gyn\u00e4kologie (Frauenarzt)<\/option><option value=\"Hals-Nasen-Ohren-Arzt\">Hals-Nasen-Ohren-Arzt<\/option><option value=\"Kardiologie (Herzspezialist)\">Kardiologie (Herzspezialist)<\/option><option value=\"Onkologie\">Onkologie<\/option><option value=\"Orthop\u00e4die\">Orthop\u00e4die<\/option><option value=\"Pulmologie (Lungenfacharzt)\">Pulmologie (Lungenfacharzt)<\/option><option value=\"anderer Facharzt (bitte unten Hinzuf\u00fcgen)\">anderer Facharzt (bitte unten Hinzuf\u00fcgen)<\/option><\/select><\/span><br \/>\n\t\t<\/p>\n\t<\/div>\n\t<p><br \/>\n\t<\/p>\n\t<div class=\"col-xs-12\">\n\t\t<p><br \/>\nGrund der \u00dcberweisung:*<br \/>\n<span class=\"wpcf7-form-control-wrap\" data-name=\"nachricht\"><textarea cols=\"40\" rows=\"10\" class=\"wpcf7-form-control wpcf7-textarea wpcf7-validates-as-required form-control\" aria-required=\"true\" aria-invalid=\"false\" name=\"nachricht\"><\/textarea><\/span><br \/>\n<span class=\"wpcf7-form-control-wrap\" data-name=\"acceptance-692\"><span class=\"wpcf7-form-control wpcf7-acceptance\"><span class=\"wpcf7-list-item\"><label><input type=\"checkbox\" name=\"acceptance-692\" value=\"1\" aria-invalid=\"false\" \/><span class=\"wpcf7-list-item-label\">Ich habe die <a href=\"https:\/\/hausarztpraxis-hagen.de\/?page_id=1386\" target=\"_blank\" rel=\"noopener\">Datenschutzerkl\u00e4rung<\/a> zur Kenntnis genommen. Ich stimme zu, dass meine Angaben zur Kontaktaufnahme, f\u00fcr R\u00fcckfragen und f\u00fcr die Ausf\u00fchrung der Anfrage, gespeichert werden.<\/span><\/label><\/span><\/span><\/span><br \/>\n<input class=\"wpcf7-form-control has-spinner wpcf7-submit btn btn-secondary\" type=\"submit\" value=\"Senden\" \/><input type=\"reset\" class='btn btn-primary' \/><br \/>\n\t\t<\/p>\n\t<\/div>\n\t<p><br \/>\n\t<\/p>\n<\/div><input type='hidden' class='wpcf7-pum' value='{\"closepopup\":false,\"closedelay\":0,\"openpopup\":false,\"openpopup_id\":0}' \/><div class=\"wpcf7-response-output\" aria-hidden=\"true\"><\/div><\/form><\/div>\t\t\t\t<\/div>\n\t\t\t<\/div>\n\t\t<\/div>\n\t\t\t<\/div>\n\n<\/div><\/div><\/div><\/div><\/div>","protected":false},"excerpt":{"rendered":"<p>Ab sofort k\u00f6nnen Sie Rezepte einfach online-bestellen und schon am n\u00e4chsten Tag ohne lange Wartezeit abholen. Bitte beachten Sie, dass wir auf diesem Wege nur die uns bekannte Dauermedikation als Folgerezept ausstellen k\u00f6nnen und Sie als gesetzlich Versicherte nach Quartalswechsel Ihre elektronische Gesundheitskarte mitbringen m\u00fcssen.<\/p>\n","protected":false},"author":1,"featured_media":0,"parent":0,"menu_order":0,"comment_status":"closed","ping_status":"closed","template":"","meta":{"footnotes":""},"class_list":{"0":"post-1076","1":"page","2":"type-page","3":"status-publish","5":"clearfix","6":"article"},"acf":[],"_links":{"self":[{"href":"https:\/\/hausarztpraxis-hagen.de\/index.php?rest_route=\/wp\/v2\/pages\/1076","targetHints":{"allow":["GET"]}}],"collection":[{"href":"https:\/\/hausarztpraxis-hagen.de\/index.php?rest_route=\/wp\/v2\/pages"}],"about":[{"href":"https:\/\/hausarztpraxis-hagen.de\/index.php?rest_route=\/wp\/v2\/types\/page"}],"author":[{"embeddable":true,"href":"https:\/\/hausarztpraxis-hagen.de\/index.php?rest_route=\/wp\/v2\/users\/1"}],"replies":[{"embeddable":true,"href":"https:\/\/hausarztpraxis-hagen.de\/index.php?rest_route=%2Fwp%2Fv2%2Fcomments&post=1076"}],"version-history":[{"count":10,"href":"https:\/\/hausarztpraxis-hagen.de\/index.php?rest_route=\/wp\/v2\/pages\/1076\/revisions"}],"predecessor-version":[{"id":2179,"href":"https:\/\/hausarztpraxis-hagen.de\/index.php?rest_route=\/wp\/v2\/pages\/1076\/revisions\/2179"}],"wp:attachment":[{"href":"https:\/\/hausarztpraxis-hagen.de\/index.php?rest_route=%2Fwp%2Fv2%2Fmedia&parent=1076"}],"curies":[{"name":"wp","href":"https:\/\/api.w.org\/{rel}","templated":true}]}}