{"id":1245,"date":"2021-03-17T16:53:08","date_gmt":"2021-03-17T15:53:08","guid":{"rendered":"https:\/\/hausarztpraxis-hagen.de\/?page_id=1245"},"modified":"2021-03-21T21:48:14","modified_gmt":"2021-03-21T20:48:14","slug":"impfungen","status":"publish","type":"page","link":"https:\/\/hausarztpraxis-hagen.de\/?page_id=1245","title":{"rendered":"Impfungen"},"content":{"rendered":"<div id=\"pl-1245\"  class=\"panel-layout\" ><div id=\"pg-1245-0\"  class=\"panel-grid panel-no-style\" ><div id=\"pgc-1245-0-0\"  class=\"panel-grid-cell\" ><div id=\"panel-1245-0-0-0\" class=\"so-panel widget widget_sow-editor panel-first-child panel-last-child\" data-index=\"0\" ><div\n\t\t\t\n\t\t\tclass=\"so-widget-sow-editor so-widget-sow-editor-base\"\n\t\t\t\n\t\t>\n<div class=\"siteorigin-widget-tinymce textwidget\">\n\t<h3>Impfungen<\/h3>\n<p>geh\u00f6ren zu den wichtigsten und wirksamsten Pr\u00e4ventionsma\u00dfnahmen, die in der Medizin zur Verf\u00fcgung stehen. Moderne Impfstoffe sind gut vertr\u00e4glich und unerw\u00fcnschte Arzneimittelnebenwirkungen werden nur selten beobachtet. Unmittelbares Ziel der Impfung ist es, den Geimpften und somit auch die Bev\u00f6lkerung vor einer ansteckenden Krankheit zu sch\u00fctzen. Bei Erreichen hoher Durchimpfungsraten ist es m\u00f6glich, einzelne Krankheitserreger regional zu eliminieren und schlie\u00dflich weltweit auszurotten.<\/p>\n<p>Die klassische Standardimpfung ist die Impfung gegen Wundstarkrampf (Tetanus). Heutzutage ist es zu empfehlen, dass man sich gleich mit einem Kombinationsimpfstoff gegen die empfohlenen ansteckenden Krankheiten wie Diphterie, Keuchhusten und Kinderl\u00e4hmung impfen l\u00e4\u00dft.<\/p>\n<p>Nach der Grundimmunisierung ist durch regelm\u00e4\u00dfige Auffrischimpfungen sicherzustellen, dass der notwendige Impfschutz erhalten bleibt und - wenn indiziert - ein Impfschutz gegen weitere Infektionskrankheiten aufgebaut wird.<\/p>\n<p>Trotz dieser wichtigen Aspekte stellt sich f\u00fcr viele Menschen immer wieder die Frage, ist impfen nicht gef\u00e4hrlich? Um den Skeptikern die Entscheidung zu erleichtern, wurden vom Robert Koch Institut und dem Paul Ehrlich Institut 20 Einw\u00e4nde und Antworten zusammengestellt.\u00a0<a href=\"http:\/\/www.rki.de\/\">www.rki.de<\/a><\/p>\n<p>Gerne \u00fcberpr\u00fcfen wir Ihren Impfschutz und beantworten Ihnen alle Fragen rund um das Impfen. Sie erhalten bei uns den international anerkannten Impfausweis.<\/p>\n<\/div>\n<\/div><\/div><\/div><\/div><div id=\"pg-1245-1\"  class=\"panel-grid panel-no-style\" ><div id=\"pgc-1245-1-0\"  class=\"panel-grid-cell\" ><div id=\"panel-1245-1-0-0\" class=\"so-panel widget widget_sow-editor panel-first-child panel-last-child\" data-index=\"1\" ><div\n\t\t\t\n\t\t\tclass=\"so-widget-sow-editor so-widget-sow-editor-base\"\n\t\t\t\n\t\t>\n<div class=\"siteorigin-widget-tinymce textwidget\">\n\t<p><a href=\"https:\/\/hausarztpraxis-hagen.de\/wp-content\/uploads\/2021\/03\/impfungen-480.jpg\"><img loading=\"lazy\" decoding=\"async\" class=\"wp-image-1888 size-full\" src=\"https:\/\/hausarztpraxis-hagen.de\/wp-content\/uploads\/2021\/03\/impfungen-480.jpg\" alt=\"\" width=\"860\" height=\"430\" srcset=\"https:\/\/hausarztpraxis-hagen.de\/wp-content\/uploads\/2021\/03\/impfungen-480.jpg 860w, https:\/\/hausarztpraxis-hagen.de\/wp-content\/uploads\/2021\/03\/impfungen-480-300x150.jpg 300w, https:\/\/hausarztpraxis-hagen.de\/wp-content\/uploads\/2021\/03\/impfungen-480-768x384.jpg 768w, https:\/\/hausarztpraxis-hagen.de\/wp-content\/uploads\/2021\/03\/impfungen-480-350x175.jpg 350w, https:\/\/hausarztpraxis-hagen.de\/wp-content\/uploads\/2021\/03\/impfungen-480-600x300.jpg 600w\" sizes=\"auto, (max-width: 860px) 100vw, 860px\" \/><\/a><\/p>\n<\/div>\n<\/div><\/div><\/div><div id=\"pgc-1245-1-1\"  class=\"panel-grid-cell\" ><div id=\"panel-1245-1-1-0\" class=\"so-panel widget widget_sow-editor panel-first-child panel-last-child\" data-index=\"2\" ><div\n\t\t\t\n\t\t\tclass=\"so-widget-sow-editor so-widget-sow-editor-base\"\n\t\t\t\n\t\t>\n<div class=\"siteorigin-widget-tinymce textwidget\">\n\t<p><a href=\"https:\/\/hausarztpraxis-hagen.de\/wp-content\/uploads\/2021\/03\/laber-480.jpg\"><img loading=\"lazy\" decoding=\"async\" class=\"alignnone wp-image-1813 size-full\" src=\"https:\/\/hausarztpraxis-hagen.de\/wp-content\/uploads\/2021\/03\/laber-480.jpg\" alt=\"\" width=\"860\" height=\"430\" srcset=\"https:\/\/hausarztpraxis-hagen.de\/wp-content\/uploads\/2021\/03\/laber-480.jpg 860w, https:\/\/hausarztpraxis-hagen.de\/wp-content\/uploads\/2021\/03\/laber-480-300x150.jpg 300w, https:\/\/hausarztpraxis-hagen.de\/wp-content\/uploads\/2021\/03\/laber-480-768x384.jpg 768w, https:\/\/hausarztpraxis-hagen.de\/wp-content\/uploads\/2021\/03\/laber-480-350x175.jpg 350w, https:\/\/hausarztpraxis-hagen.de\/wp-content\/uploads\/2021\/03\/laber-480-600x300.jpg 600w\" sizes=\"auto, (max-width: 860px) 100vw, 860px\" \/><\/a><\/p>\n<\/div>\n<\/div><\/div><\/div><\/div><\/div>","protected":false},"excerpt":{"rendered":"<p>Impfungen geh\u00f6ren zu den wichtigsten und wirksamsten Pr\u00e4ventionsma\u00dfnahmen, die in der Medizin zur Verf\u00fcgung stehen. Moderne Impfstoffe sind gut vertr\u00e4glich und unerw\u00fcnschte Arzneimittelnebenwirkungen werden nur selten beobachtet. Unmittelbares Ziel der Impfung ist es, den Geimpften und somit auch die Bev\u00f6lkerung vor einer ansteckenden Krankheit zu sch\u00fctzen. Bei Erreichen hoher Durchimpfungsraten ist es m\u00f6glich, einzelne Krankheitserreger &hellip;<\/p>\n","protected":false},"author":1,"featured_media":1888,"parent":116,"menu_order":0,"comment_status":"closed","ping_status":"closed","template":"","meta":{"footnotes":""},"class_list":{"0":"post-1245","1":"page","2":"type-page","3":"status-publish","4":"has-post-thumbnail","6":"clearfix","7":"article"},"acf":[],"_links":{"self":[{"href":"https:\/\/hausarztpraxis-hagen.de\/index.php?rest_route=\/wp\/v2\/pages\/1245","targetHints":{"allow":["GET"]}}],"collection":[{"href":"https:\/\/hausarztpraxis-hagen.de\/index.php?rest_route=\/wp\/v2\/pages"}],"about":[{"href":"https:\/\/hausarztpraxis-hagen.de\/index.php?rest_route=\/wp\/v2\/types\/page"}],"author":[{"embeddable":true,"href":"https:\/\/hausarztpraxis-hagen.de\/index.php?rest_route=\/wp\/v2\/users\/1"}],"replies":[{"embeddable":true,"href":"https:\/\/hausarztpraxis-hagen.de\/index.php?rest_route=%2Fwp%2Fv2%2Fcomments&post=1245"}],"version-history":[{"count":10,"href":"https:\/\/hausarztpraxis-hagen.de\/index.php?rest_route=\/wp\/v2\/pages\/1245\/revisions"}],"predecessor-version":[{"id":1912,"href":"https:\/\/hausarztpraxis-hagen.de\/index.php?rest_route=\/wp\/v2\/pages\/1245\/revisions\/1912"}],"up":[{"embeddable":true,"href":"https:\/\/hausarztpraxis-hagen.de\/index.php?rest_route=\/wp\/v2\/pages\/116"}],"wp:featuredmedia":[{"embeddable":true,"href":"https:\/\/hausarztpraxis-hagen.de\/index.php?rest_route=\/wp\/v2\/media\/1888"}],"wp:attachment":[{"href":"https:\/\/hausarztpraxis-hagen.de\/index.php?rest_route=%2Fwp%2Fv2%2Fmedia&parent=1245"}],"curies":[{"name":"wp","href":"https:\/\/api.w.org\/{rel}","templated":true}]}}