{"id":1246,"date":"2021-03-17T16:53:25","date_gmt":"2021-03-17T15:53:25","guid":{"rendered":"https:\/\/hausarztpraxis-hagen.de\/?page_id=1246"},"modified":"2021-03-21T20:39:51","modified_gmt":"2021-03-21T19:39:51","slug":"ultraschalluntersuchungen","status":"publish","type":"page","link":"https:\/\/hausarztpraxis-hagen.de\/?page_id=1246","title":{"rendered":"Ultraschalluntersuchungen"},"content":{"rendered":"<div id=\"pl-1246\"  class=\"panel-layout\" ><div id=\"pg-1246-0\"  class=\"panel-grid panel-no-style\" ><div id=\"pgc-1246-0-0\"  class=\"panel-grid-cell\" ><div id=\"panel-1246-0-0-0\" class=\"so-panel widget widget_sow-editor panel-first-child panel-last-child\" data-index=\"0\" ><div\n\t\t\t\n\t\t\tclass=\"so-widget-sow-editor so-widget-sow-editor-base\"\n\t\t\t\n\t\t>\n<div class=\"siteorigin-widget-tinymce textwidget\">\n\t<h3><strong>Bauchultraschalluntersuchung<\/strong><\/h3>\n<p>Die Ultraschalluntersuchung dient der Erkennung von Erkrankungen im Bauch.<\/p>\n<p>Mit Hilfe von Kontaktgel geben wir \u00fcber einen Schallkopf Ultraschallwellen in Ihren Bauch. Sie werden an den Grenzfl\u00e4chen der Bauchorgane reflektiert und von einem Empf\u00e4nger zu einem Querschnittsbild zusammengesetzt. Ultraschallwellen sind v\u00f6llig ungef\u00e4hrlich f\u00fcr Patient und Arzt. Sie wissen sicher, dass sie sogar in der Schwangerschaft eingesetzt werden.<\/p>\n<p>Mit der Ultraschalluntersuchung lassen sich Erkrankungen von Leber, Gallenblase, Bauchspeicheldr\u00fcse, Milz, der Nieren und der Harnblase und der Bauchaorta feststellen.<br \/>\nZur Erkennung von Magen- oder Darmerkrankungen ist die Untersuchung in der Regel nicht ausreichend. Hier ist meist eine Endoskopie (Spiegelung) erforderlich.<\/p>\n<p>Die Ultraschalluntersuchung der Schilddr\u00fcse:<\/p>\n<p>Finden wir bei einer k\u00f6rperlichen Untersuchung eine vergr\u00f6\u00dferte Schilddr\u00fcse oder tastbare Knoten oder Halslymphknoten, so erfolgt die weitere Abkl\u00e4rung mittels Ultraschalluntersuchung der Schilddr\u00fcse. Die Schilddr\u00fcse l\u00e4sst sich in der Regel gut darstellen, Ver\u00e4nderungen k\u00f6nnen untersucht und ggf. weiter beim Facharzt abgekl\u00e4rt werden.<\/p>\n<p>Unsere Praxis verf\u00fcgt \u00fcber ein modernes Farbduplex-Ultraschall Ger\u00e4t, welches zur Abkl\u00e4rung und Verlaufsbeurteilung akuter und chronischer Erkrankungen zum Einsatz kommt.<\/p>\n<\/div>\n<\/div><\/div><\/div><\/div><div id=\"pg-1246-1\"  class=\"panel-grid panel-no-style\" ><div id=\"pgc-1246-1-0\"  class=\"panel-grid-cell\" ><div id=\"panel-1246-1-0-0\" class=\"so-panel widget widget_sow-editor panel-first-child panel-last-child\" data-index=\"1\" ><div\n\t\t\t\n\t\t\tclass=\"so-widget-sow-editor so-widget-sow-editor-base\"\n\t\t\t\n\t\t>\n<div class=\"siteorigin-widget-tinymce textwidget\">\n\t<p><a href=\"https:\/\/hausarztpraxis-hagen.de\/wp-content\/uploads\/2021\/03\/ultraschall-480.jpg\"><img loading=\"lazy\" decoding=\"async\" class=\"alignnone wp-image-1821 size-full\" src=\"https:\/\/hausarztpraxis-hagen.de\/wp-content\/uploads\/2021\/03\/ultraschall-480.jpg\" alt=\"\" width=\"860\" height=\"430\" srcset=\"https:\/\/hausarztpraxis-hagen.de\/wp-content\/uploads\/2021\/03\/ultraschall-480.jpg 860w, https:\/\/hausarztpraxis-hagen.de\/wp-content\/uploads\/2021\/03\/ultraschall-480-300x150.jpg 300w, https:\/\/hausarztpraxis-hagen.de\/wp-content\/uploads\/2021\/03\/ultraschall-480-768x384.jpg 768w, https:\/\/hausarztpraxis-hagen.de\/wp-content\/uploads\/2021\/03\/ultraschall-480-350x175.jpg 350w, https:\/\/hausarztpraxis-hagen.de\/wp-content\/uploads\/2021\/03\/ultraschall-480-600x300.jpg 600w\" sizes=\"auto, (max-width: 860px) 100vw, 860px\" \/><\/a><\/p>\n<p>&nbsp;<\/p>\n<\/div>\n<\/div><\/div><\/div><div id=\"pgc-1246-1-1\"  class=\"panel-grid-cell\" ><div id=\"panel-1246-1-1-0\" class=\"so-panel widget widget_sow-editor panel-first-child panel-last-child\" data-index=\"2\" ><div\n\t\t\t\n\t\t\tclass=\"so-widget-sow-editor so-widget-sow-editor-base\"\n\t\t\t\n\t\t>\n<div class=\"siteorigin-widget-tinymce textwidget\">\n\t<p><a href=\"https:\/\/hausarztpraxis-hagen.de\/wp-content\/uploads\/2021\/03\/ultraschall2-480.jpg\"><img loading=\"lazy\" decoding=\"async\" class=\"wp-image-1822 size-full\" src=\"https:\/\/hausarztpraxis-hagen.de\/wp-content\/uploads\/2021\/03\/ultraschall2-480.jpg\" alt=\"\" width=\"860\" height=\"430\" srcset=\"https:\/\/hausarztpraxis-hagen.de\/wp-content\/uploads\/2021\/03\/ultraschall2-480.jpg 860w, https:\/\/hausarztpraxis-hagen.de\/wp-content\/uploads\/2021\/03\/ultraschall2-480-300x150.jpg 300w, https:\/\/hausarztpraxis-hagen.de\/wp-content\/uploads\/2021\/03\/ultraschall2-480-768x384.jpg 768w, https:\/\/hausarztpraxis-hagen.de\/wp-content\/uploads\/2021\/03\/ultraschall2-480-350x175.jpg 350w, https:\/\/hausarztpraxis-hagen.de\/wp-content\/uploads\/2021\/03\/ultraschall2-480-600x300.jpg 600w\" sizes=\"auto, (max-width: 860px) 100vw, 860px\" \/><\/a><\/p>\n<\/div>\n<\/div><\/div><\/div><\/div><\/div>","protected":false},"excerpt":{"rendered":"<p>Bauchultraschalluntersuchung Die Ultraschalluntersuchung dient der Erkennung von Erkrankungen im Bauch. Mit Hilfe von Kontaktgel geben wir \u00fcber einen Schallkopf Ultraschallwellen in Ihren Bauch. Sie werden an den Grenzfl\u00e4chen der Bauchorgane reflektiert und von einem Empf\u00e4nger zu einem Querschnittsbild zusammengesetzt. Ultraschallwellen sind v\u00f6llig ungef\u00e4hrlich f\u00fcr Patient und Arzt. Sie wissen sicher, dass sie sogar in der &hellip;<\/p>\n","protected":false},"author":1,"featured_media":1821,"parent":116,"menu_order":0,"comment_status":"closed","ping_status":"closed","template":"","meta":{"footnotes":""},"class_list":{"0":"post-1246","1":"page","2":"type-page","3":"status-publish","4":"has-post-thumbnail","6":"clearfix","7":"article"},"acf":[],"_links":{"self":[{"href":"https:\/\/hausarztpraxis-hagen.de\/index.php?rest_route=\/wp\/v2\/pages\/1246","targetHints":{"allow":["GET"]}}],"collection":[{"href":"https:\/\/hausarztpraxis-hagen.de\/index.php?rest_route=\/wp\/v2\/pages"}],"about":[{"href":"https:\/\/hausarztpraxis-hagen.de\/index.php?rest_route=\/wp\/v2\/types\/page"}],"author":[{"embeddable":true,"href":"https:\/\/hausarztpraxis-hagen.de\/index.php?rest_route=\/wp\/v2\/users\/1"}],"replies":[{"embeddable":true,"href":"https:\/\/hausarztpraxis-hagen.de\/index.php?rest_route=%2Fwp%2Fv2%2Fcomments&post=1246"}],"version-history":[{"count":10,"href":"https:\/\/hausarztpraxis-hagen.de\/index.php?rest_route=\/wp\/v2\/pages\/1246\/revisions"}],"predecessor-version":[{"id":1835,"href":"https:\/\/hausarztpraxis-hagen.de\/index.php?rest_route=\/wp\/v2\/pages\/1246\/revisions\/1835"}],"up":[{"embeddable":true,"href":"https:\/\/hausarztpraxis-hagen.de\/index.php?rest_route=\/wp\/v2\/pages\/116"}],"wp:featuredmedia":[{"embeddable":true,"href":"https:\/\/hausarztpraxis-hagen.de\/index.php?rest_route=\/wp\/v2\/media\/1821"}],"wp:attachment":[{"href":"https:\/\/hausarztpraxis-hagen.de\/index.php?rest_route=%2Fwp%2Fv2%2Fmedia&parent=1246"}],"curies":[{"name":"wp","href":"https:\/\/api.w.org\/{rel}","templated":true}]}}