{"id":1247,"date":"2021-03-17T16:53:30","date_gmt":"2021-03-17T15:53:30","guid":{"rendered":"https:\/\/hausarztpraxis-hagen.de\/?page_id=1247"},"modified":"2021-03-21T20:36:38","modified_gmt":"2021-03-21T19:36:38","slug":"langzeitblutdruckmessung","status":"publish","type":"page","link":"https:\/\/hausarztpraxis-hagen.de\/?page_id=1247","title":{"rendered":"Langzeitblutdruckmessung"},"content":{"rendered":"<div id=\"pl-1247\"  class=\"panel-layout\" ><div id=\"pg-1247-0\"  class=\"panel-grid panel-no-style\" ><div id=\"pgc-1247-0-0\"  class=\"panel-grid-cell\" ><div id=\"panel-1247-0-0-0\" class=\"so-panel widget widget_sow-editor panel-first-child panel-last-child\" data-index=\"0\" ><div\n\t\t\t\n\t\t\tclass=\"so-widget-sow-editor so-widget-sow-editor-base\"\n\t\t\t\n\t\t>\n<div class=\"siteorigin-widget-tinymce textwidget\">\n\t<h3>Langzeitblutdruckmessung<\/h3>\n<p>Bei einer Langzeit-Blutdruckmessung wird der Blutdruck \u00fcber einen Zeitraum von 24 Stunden wiederholt gemessen und auf diese Weise ein Blutdruck-Tagesprofil erstellt. Dieses dient der Abkl\u00e4rung, ob ein Bluthochdruck vorliegt oder zur Verlaufskontrolle einer Blutdruckeinstellung bei bekanntem Bluthochdruck.<\/p>\n<h3>\nWie funktioniert eine Langzeit-Blutdruckmessung?<\/h3>\n<p>Das Funktionsprinzip einer Langzeit-Blutdruckmessung ist das gleiche wie bei einer gew\u00f6hnlichen Blutdruckmessung. Tags\u00fcber wird der Blutdruck alle 15 Minuten gemessen, nachts st\u00fcndlich.<\/p>\n<p>&nbsp;<\/p>\n<h3>Wozu dient die Langzeit-Blutdruckmessung?<\/h3>\n<p>Diese Untersuchung wird in folgenden F\u00e4llen durchgef\u00fchrt:<\/p>\n<ul>\n<li>Bei Verdacht auf \"Praxishochdruck\" (Wei\u00dfkittelsyndrom): Hier kommt es durch psychischen Stress in Folge des Arztbesuches zu kurzfristiger Blutdruckerh\u00f6hung. Bei einer 24 Stunden Messung l\u00e4sst sich dieser Einfluss ausschalten.<\/li>\n<li>Zur Erfolgskontrolle einer medikament\u00f6sen Bluthochdrucktherapie.<\/li>\n<li>Bei Verdacht auf einen ver\u00e4nderten Tag-Nacht-Rhythmus: Der Blutdruck schwankt je nach Tageszeit und ist normalerweise nachts niedriger als tags\u00fcber. Bei bestimmten Erkrankungen (z. B. Verengung der Nierenarterien) ist dieser Rhythmus gest\u00f6rt, es kommt zu keiner Nachtabsenkung.<\/li>\n<\/ul>\n<h3><\/h3>\n<h3>Wie wird eine Langzeit-Blutdruckmessung durchgef\u00fchrt?<\/h3>\n<p>Der Langzeit-Blutdruck wird mit Hilfe eines elektronischen 24-Stunden-Blutdruckmessger\u00e4ts gemessen, das nach gewissen Zeitr\u00e4umen automatisch neue Messungen vornimmt. Auf diese Weise werden die Blutdruckwerte im Alltag ermittelt, gespeichert und schlie\u00dflich vom Arzt ausgewertet. Das 24-Stunden-Blutdruckmessger\u00e4t ist mit einer aufblasbaren Gummimanschette verbunden, die am Oberarm des Patienten angebracht wird. Bei jeder Messung wird die Manschette \u00fcber das Messger\u00e4t aufgeblasen, was zu einem Druckgef\u00fchl am Oberarm f\u00fchrt. Dieses l\u00e4sst wieder nach, wenn die Luft aus der Manschette abgelassen wird. Die Ergebnisse und Auswertungen dieser Untersuchung werden in unserer elektronischen Krankenakte gespeichert und k\u00f6nnen in unserem internen Praxisnetzwerk an jedem Arbeitsplatz aufgerufen und mit Ihnen er\u00f6rtert werden.<\/p>\n<\/div>\n<\/div><\/div><\/div><\/div><div id=\"pg-1247-1\"  class=\"panel-grid panel-no-style\" ><div id=\"pgc-1247-1-0\"  class=\"panel-grid-cell\" ><div id=\"panel-1247-1-0-0\" class=\"so-panel widget widget_sow-editor panel-first-child panel-last-child\" data-index=\"1\" ><div\n\t\t\t\n\t\t\tclass=\"so-widget-sow-editor so-widget-sow-editor-base\"\n\t\t\t\n\t\t>\n<div class=\"siteorigin-widget-tinymce textwidget\">\n\t<p><a href=\"https:\/\/hausarztpraxis-hagen.de\/wp-content\/uploads\/2021\/03\/langzeitblut-480.jpg\"><img loading=\"lazy\" decoding=\"async\" class=\"wp-image-1830 size-full\" src=\"https:\/\/hausarztpraxis-hagen.de\/wp-content\/uploads\/2021\/03\/langzeitblut-480.jpg\" alt=\"\" width=\"860\" height=\"430\" srcset=\"https:\/\/hausarztpraxis-hagen.de\/wp-content\/uploads\/2021\/03\/langzeitblut-480.jpg 860w, https:\/\/hausarztpraxis-hagen.de\/wp-content\/uploads\/2021\/03\/langzeitblut-480-300x150.jpg 300w, https:\/\/hausarztpraxis-hagen.de\/wp-content\/uploads\/2021\/03\/langzeitblut-480-768x384.jpg 768w, https:\/\/hausarztpraxis-hagen.de\/wp-content\/uploads\/2021\/03\/langzeitblut-480-350x175.jpg 350w, https:\/\/hausarztpraxis-hagen.de\/wp-content\/uploads\/2021\/03\/langzeitblut-480-600x300.jpg 600w\" sizes=\"auto, (max-width: 860px) 100vw, 860px\" \/><\/a><\/p>\n<\/div>\n<\/div><\/div><\/div><div id=\"pgc-1247-1-1\"  class=\"panel-grid-cell\" ><div id=\"panel-1247-1-1-0\" class=\"so-panel widget widget_sow-editor panel-first-child panel-last-child\" data-index=\"2\" ><div\n\t\t\t\n\t\t\tclass=\"so-widget-sow-editor so-widget-sow-editor-base\"\n\t\t\t\n\t\t>\n<div class=\"siteorigin-widget-tinymce textwidget\">\n\t<p><a href=\"https:\/\/hausarztpraxis-hagen.de\/wp-content\/uploads\/2021\/03\/langzeitblut2-480.jpg\"><img loading=\"lazy\" decoding=\"async\" class=\"wp-image-1831 size-full\" src=\"https:\/\/hausarztpraxis-hagen.de\/wp-content\/uploads\/2021\/03\/langzeitblut2-480.jpg\" alt=\"\" width=\"860\" height=\"430\" srcset=\"https:\/\/hausarztpraxis-hagen.de\/wp-content\/uploads\/2021\/03\/langzeitblut2-480.jpg 860w, https:\/\/hausarztpraxis-hagen.de\/wp-content\/uploads\/2021\/03\/langzeitblut2-480-300x150.jpg 300w, https:\/\/hausarztpraxis-hagen.de\/wp-content\/uploads\/2021\/03\/langzeitblut2-480-768x384.jpg 768w, https:\/\/hausarztpraxis-hagen.de\/wp-content\/uploads\/2021\/03\/langzeitblut2-480-350x175.jpg 350w, https:\/\/hausarztpraxis-hagen.de\/wp-content\/uploads\/2021\/03\/langzeitblut2-480-600x300.jpg 600w\" sizes=\"auto, (max-width: 860px) 100vw, 860px\" \/><\/a><\/p>\n<\/div>\n<\/div><\/div><\/div><\/div><\/div>","protected":false},"excerpt":{"rendered":"<p>Langzeitblutdruckmessung Bei einer Langzeit-Blutdruckmessung wird der Blutdruck \u00fcber einen Zeitraum von 24 Stunden wiederholt gemessen und auf diese Weise ein Blutdruck-Tagesprofil erstellt. Dieses dient der Abkl\u00e4rung, ob ein Bluthochdruck vorliegt oder zur Verlaufskontrolle einer Blutdruckeinstellung bei bekanntem Bluthochdruck. Wie funktioniert eine Langzeit-Blutdruckmessung? Das Funktionsprinzip einer Langzeit-Blutdruckmessung ist das gleiche wie bei einer gew\u00f6hnlichen Blutdruckmessung. Tags\u00fcber &hellip;<\/p>\n","protected":false},"author":1,"featured_media":1830,"parent":116,"menu_order":0,"comment_status":"closed","ping_status":"closed","template":"","meta":{"footnotes":""},"class_list":{"0":"post-1247","1":"page","2":"type-page","3":"status-publish","4":"has-post-thumbnail","6":"clearfix","7":"article"},"acf":[],"_links":{"self":[{"href":"https:\/\/hausarztpraxis-hagen.de\/index.php?rest_route=\/wp\/v2\/pages\/1247","targetHints":{"allow":["GET"]}}],"collection":[{"href":"https:\/\/hausarztpraxis-hagen.de\/index.php?rest_route=\/wp\/v2\/pages"}],"about":[{"href":"https:\/\/hausarztpraxis-hagen.de\/index.php?rest_route=\/wp\/v2\/types\/page"}],"author":[{"embeddable":true,"href":"https:\/\/hausarztpraxis-hagen.de\/index.php?rest_route=\/wp\/v2\/users\/1"}],"replies":[{"embeddable":true,"href":"https:\/\/hausarztpraxis-hagen.de\/index.php?rest_route=%2Fwp%2Fv2%2Fcomments&post=1247"}],"version-history":[{"count":10,"href":"https:\/\/hausarztpraxis-hagen.de\/index.php?rest_route=\/wp\/v2\/pages\/1247\/revisions"}],"predecessor-version":[{"id":1833,"href":"https:\/\/hausarztpraxis-hagen.de\/index.php?rest_route=\/wp\/v2\/pages\/1247\/revisions\/1833"}],"up":[{"embeddable":true,"href":"https:\/\/hausarztpraxis-hagen.de\/index.php?rest_route=\/wp\/v2\/pages\/116"}],"wp:featuredmedia":[{"embeddable":true,"href":"https:\/\/hausarztpraxis-hagen.de\/index.php?rest_route=\/wp\/v2\/media\/1830"}],"wp:attachment":[{"href":"https:\/\/hausarztpraxis-hagen.de\/index.php?rest_route=%2Fwp%2Fv2%2Fmedia&parent=1247"}],"curies":[{"name":"wp","href":"https:\/\/api.w.org\/{rel}","templated":true}]}}