{"id":1248,"date":"2021-03-17T16:53:39","date_gmt":"2021-03-17T15:53:39","guid":{"rendered":"https:\/\/hausarztpraxis-hagen.de\/?page_id=1248"},"modified":"2021-03-21T20:43:46","modified_gmt":"2021-03-21T19:43:46","slug":"ekg-langzeit-ekg","status":"publish","type":"page","link":"https:\/\/hausarztpraxis-hagen.de\/?page_id=1248","title":{"rendered":"EKG, Langzeit-EKG"},"content":{"rendered":"<div id=\"pl-1248\"  class=\"panel-layout\" ><div id=\"pg-1248-0\"  class=\"panel-grid panel-no-style\" ><div id=\"pgc-1248-0-0\"  class=\"panel-grid-cell\" ><div id=\"panel-1248-0-0-0\" class=\"so-panel widget widget_sow-editor panel-first-child panel-last-child\" data-index=\"0\" ><div\n\t\t\t\n\t\t\tclass=\"so-widget-sow-editor so-widget-sow-editor-base\"\n\t\t\t\n\t\t>\n<div class=\"siteorigin-widget-tinymce textwidget\">\n\t<h3>Was ist eine EKG und Langzeit-EKG?<\/h3>\n<p>Bei einem EKG werden die elektrischen Impulse des Herzens sichtbar gemacht, was R\u00fcckschl\u00fcsse auf den Rhythmus und Durchblutung des Herzen erlaubt. In Langzeit-EKG werden \u00a0die elektrischen Impulse \u00fcber 18 bzw. 24 Stunden gemessen und aufgezeichnet. Die aufgezeichnete graphische Darstellung erm\u00f6glicht manche Rhythmusst\u00f6rungen und Durchblutungsst\u00f6rungen zu erkennen.<\/p>\n<p>W\u00e4hrend eines Langzeit-EKGs werden zwei Brustwandableitungen \u00fcber 18 bis 24 Stunden aufgezeichnet. In der Regel werden mehrere Elektroden mit einem EKG-Ger\u00e4t verbunden, das durch eine geringe Gr\u00f6\u00dfe und\u00a0 Gewicht f\u00fcr Sie gut mitzuf\u00fchren ist. Im Allgemeinen merken Sie kaum etwas davon. Am n\u00e4chsten Tag wird das Ger\u00e4t vom Personal entfernt.<\/p>\n<\/div>\n<\/div><\/div><\/div><\/div><div id=\"pg-1248-1\"  class=\"panel-grid panel-no-style\" ><div id=\"pgc-1248-1-0\"  class=\"panel-grid-cell\" ><div id=\"panel-1248-1-0-0\" class=\"so-panel widget widget_sow-editor panel-first-child panel-last-child\" data-index=\"1\" ><div\n\t\t\t\n\t\t\tclass=\"so-widget-sow-editor so-widget-sow-editor-base\"\n\t\t\t\n\t\t>\n<div class=\"siteorigin-widget-tinymce textwidget\">\n\t<p><a href=\"https:\/\/hausarztpraxis-hagen.de\/wp-content\/uploads\/2021\/03\/langzeit-ekg2-480.jpg\"><img loading=\"lazy\" decoding=\"async\" class=\"wp-image-1837 size-full\" src=\"https:\/\/hausarztpraxis-hagen.de\/wp-content\/uploads\/2021\/03\/langzeit-ekg2-480.jpg\" alt=\"\" width=\"860\" height=\"430\" srcset=\"https:\/\/hausarztpraxis-hagen.de\/wp-content\/uploads\/2021\/03\/langzeit-ekg2-480.jpg 860w, https:\/\/hausarztpraxis-hagen.de\/wp-content\/uploads\/2021\/03\/langzeit-ekg2-480-300x150.jpg 300w, https:\/\/hausarztpraxis-hagen.de\/wp-content\/uploads\/2021\/03\/langzeit-ekg2-480-768x384.jpg 768w, https:\/\/hausarztpraxis-hagen.de\/wp-content\/uploads\/2021\/03\/langzeit-ekg2-480-350x175.jpg 350w, https:\/\/hausarztpraxis-hagen.de\/wp-content\/uploads\/2021\/03\/langzeit-ekg2-480-600x300.jpg 600w\" sizes=\"auto, (max-width: 860px) 100vw, 860px\" \/><\/a><\/p>\n<\/div>\n<\/div><\/div><\/div><div id=\"pgc-1248-1-1\"  class=\"panel-grid-cell\" ><div id=\"panel-1248-1-1-0\" class=\"so-panel widget widget_sow-editor panel-first-child panel-last-child\" data-index=\"2\" ><div\n\t\t\t\n\t\t\tclass=\"so-widget-sow-editor so-widget-sow-editor-base\"\n\t\t\t\n\t\t>\n<div class=\"siteorigin-widget-tinymce textwidget\">\n\t<p><a href=\"https:\/\/hausarztpraxis-hagen.de\/wp-content\/uploads\/2021\/03\/langzeit-ekg-480.jpg\"><img loading=\"lazy\" decoding=\"async\" class=\"wp-image-1838 size-full\" src=\"https:\/\/hausarztpraxis-hagen.de\/wp-content\/uploads\/2021\/03\/langzeit-ekg-480.jpg\" alt=\"\" width=\"860\" height=\"430\" srcset=\"https:\/\/hausarztpraxis-hagen.de\/wp-content\/uploads\/2021\/03\/langzeit-ekg-480.jpg 860w, https:\/\/hausarztpraxis-hagen.de\/wp-content\/uploads\/2021\/03\/langzeit-ekg-480-300x150.jpg 300w, https:\/\/hausarztpraxis-hagen.de\/wp-content\/uploads\/2021\/03\/langzeit-ekg-480-768x384.jpg 768w, https:\/\/hausarztpraxis-hagen.de\/wp-content\/uploads\/2021\/03\/langzeit-ekg-480-350x175.jpg 350w, https:\/\/hausarztpraxis-hagen.de\/wp-content\/uploads\/2021\/03\/langzeit-ekg-480-600x300.jpg 600w\" sizes=\"auto, (max-width: 860px) 100vw, 860px\" \/><\/a><\/p>\n<\/div>\n<\/div><\/div><\/div><\/div><\/div>","protected":false},"excerpt":{"rendered":"<p>Was ist eine EKG und Langzeit-EKG? Bei einem EKG werden die elektrischen Impulse des Herzens sichtbar gemacht, was R\u00fcckschl\u00fcsse auf den Rhythmus und Durchblutung des Herzen erlaubt. In Langzeit-EKG werden \u00a0die elektrischen Impulse \u00fcber 18 bzw. 24 Stunden gemessen und aufgezeichnet. Die aufgezeichnete graphische Darstellung erm\u00f6glicht manche Rhythmusst\u00f6rungen und Durchblutungsst\u00f6rungen zu erkennen. W\u00e4hrend eines Langzeit-EKGs &hellip;<\/p>\n","protected":false},"author":1,"featured_media":1837,"parent":116,"menu_order":0,"comment_status":"closed","ping_status":"closed","template":"","meta":{"footnotes":""},"class_list":{"0":"post-1248","1":"page","2":"type-page","3":"status-publish","4":"has-post-thumbnail","6":"clearfix","7":"article"},"acf":[],"_links":{"self":[{"href":"https:\/\/hausarztpraxis-hagen.de\/index.php?rest_route=\/wp\/v2\/pages\/1248","targetHints":{"allow":["GET"]}}],"collection":[{"href":"https:\/\/hausarztpraxis-hagen.de\/index.php?rest_route=\/wp\/v2\/pages"}],"about":[{"href":"https:\/\/hausarztpraxis-hagen.de\/index.php?rest_route=\/wp\/v2\/types\/page"}],"author":[{"embeddable":true,"href":"https:\/\/hausarztpraxis-hagen.de\/index.php?rest_route=\/wp\/v2\/users\/1"}],"replies":[{"embeddable":true,"href":"https:\/\/hausarztpraxis-hagen.de\/index.php?rest_route=%2Fwp%2Fv2%2Fcomments&post=1248"}],"version-history":[{"count":11,"href":"https:\/\/hausarztpraxis-hagen.de\/index.php?rest_route=\/wp\/v2\/pages\/1248\/revisions"}],"predecessor-version":[{"id":1864,"href":"https:\/\/hausarztpraxis-hagen.de\/index.php?rest_route=\/wp\/v2\/pages\/1248\/revisions\/1864"}],"up":[{"embeddable":true,"href":"https:\/\/hausarztpraxis-hagen.de\/index.php?rest_route=\/wp\/v2\/pages\/116"}],"wp:featuredmedia":[{"embeddable":true,"href":"https:\/\/hausarztpraxis-hagen.de\/index.php?rest_route=\/wp\/v2\/media\/1837"}],"wp:attachment":[{"href":"https:\/\/hausarztpraxis-hagen.de\/index.php?rest_route=%2Fwp%2Fv2%2Fmedia&parent=1248"}],"curies":[{"name":"wp","href":"https:\/\/api.w.org\/{rel}","templated":true}]}}