{"id":151,"date":"2017-02-16T11:28:39","date_gmt":"2017-02-16T10:28:39","guid":{"rendered":"https:\/\/xml-io.proteusthemes.com\/medicpress\/?page_id=151"},"modified":"2021-03-21T20:32:55","modified_gmt":"2021-03-21T19:32:55","slug":"laboruntersuchungen","status":"publish","type":"page","link":"https:\/\/hausarztpraxis-hagen.de\/?page_id=151","title":{"rendered":"Laboruntersuchungen"},"content":{"rendered":"<div id=\"pl-151\"  class=\"panel-layout\" ><div id=\"pg-151-0\"  class=\"panel-grid panel-no-style\" ><div id=\"pgc-151-0-0\"  class=\"panel-grid-cell\" ><div id=\"panel-151-0-0-0\" class=\"so-panel widget widget_sow-editor panel-first-child panel-last-child\" data-index=\"0\" ><div\n\t\t\t\n\t\t\tclass=\"so-widget-sow-editor so-widget-sow-editor-base\"\n\t\t\t\n\t\t>\n<div class=\"siteorigin-widget-tinymce textwidget\">\n\t<h3>Laboruntersuchungen<\/h3>\n<p>Heutzutage werden nur noch wenige Laboruntersuchungen vor Ort in den Praxen selbst durchgef\u00fchrt. Hierzu geh\u00f6ren z.B. die Blutzuckerbestimmung, die orientierende Urintestung, der Schnelltests auf Troponin- oder D-Dimere (Herzinfarkt-, Thrombosediagnostik) sowie die INR-(Gerinnungs-)Messung bei Marcumar-Patienten. Alle anderen Untersuchungen lassen wir in einem gro\u00dfen Zentrallabor durchf\u00fchren.<\/p>\n<p>Zur Kl\u00e4rung akuter bedrohlicher Krankheitsbilder haben wir verschiedene Schnellteste neu eingef\u00fchrt. Sie dienen der sofortigen Erkennung eines akuten Herzinfarktes, einer Venenthrombose, einer Lungenembolie.<\/p>\n<p>Wenn Sie fr\u00fch morgens zum Labor bestellt sind, kommen Sie bitte ab 8:00 Uhr n\u00fcchtern in die Praxis und nehmen Sie bitte auch Ihre Medikamente nicht ein. Der Laborbote holt Ihre Proben gegen 11 Uhr ab, und die meisten Werte liegen bereits am Folgetag ab 8 Uhr vor. Sehr hohe Abweichungen oder potenziell bedrohliche Werte werden schon am gleichen Nachmittag per Fax \u00fcbermittelt.<\/p>\n<p>Laboruntersuchungen finden an jedem Tag der Woche statt, bitte melden Sie sich aber in jedem Fall zuvor telefonisch an, damit die notwendigen Vorbereitungen getroffen werden k\u00f6nnen.<\/p>\n<p>Auch sollten Sie vor der Blutentnahme mit einem Arzt sprechen, welche Symptome und Beschwerden abgekl\u00e4rt werden sollen, da immer individuell festgelegt wird, welche Laborwerte bestimmt werden.<\/p>\n<p>Gesetzlich Versicherte haben ab dem 35. Lebensjahr im Rahmen der so genannten Gesundheitsuntersuchung alle 3 Jahre Anspruch auf die Bestimmung von Cholesterin und Blutzucker. Au\u00dferdem gehen nat\u00fcrlich alle Laboruntersuchung zur Abkl\u00e4rung und \u00dcberwachung von Krankheiten zu Lasten der Krankenkasse. Es gibt auch Laboruntersuchungen, die die Kassen nicht \u00fcbernehmen. Generell sind es Untersuchungen, die auf Wunsch und ohne Verdacht auf Erkrankung erfolgen.<\/p>\n<\/div>\n<\/div><\/div><\/div><\/div><div id=\"pg-151-1\"  class=\"panel-grid panel-no-style\" ><div id=\"pgc-151-1-0\"  class=\"panel-grid-cell\" ><div id=\"panel-151-1-0-0\" class=\"so-panel widget widget_sow-editor panel-first-child panel-last-child\" data-index=\"1\" ><div\n\t\t\t\n\t\t\tclass=\"so-widget-sow-editor so-widget-sow-editor-base\"\n\t\t\t\n\t\t>\n<div class=\"siteorigin-widget-tinymce textwidget\">\n\t<p><a href=\"https:\/\/hausarztpraxis-hagen.de\/wp-content\/uploads\/2021\/03\/labor2-480.jpg\"><img loading=\"lazy\" decoding=\"async\" class=\"alignnone wp-image-1819 size-full\" src=\"https:\/\/hausarztpraxis-hagen.de\/wp-content\/uploads\/2021\/03\/labor2-480.jpg\" alt=\"\" width=\"860\" height=\"430\" srcset=\"https:\/\/hausarztpraxis-hagen.de\/wp-content\/uploads\/2021\/03\/labor2-480.jpg 860w, https:\/\/hausarztpraxis-hagen.de\/wp-content\/uploads\/2021\/03\/labor2-480-300x150.jpg 300w, https:\/\/hausarztpraxis-hagen.de\/wp-content\/uploads\/2021\/03\/labor2-480-768x384.jpg 768w, https:\/\/hausarztpraxis-hagen.de\/wp-content\/uploads\/2021\/03\/labor2-480-350x175.jpg 350w, https:\/\/hausarztpraxis-hagen.de\/wp-content\/uploads\/2021\/03\/labor2-480-600x300.jpg 600w\" sizes=\"auto, (max-width: 860px) 100vw, 860px\" \/><\/a><\/p>\n<p>&nbsp;<\/p>\n<\/div>\n<\/div><\/div><\/div><div id=\"pgc-151-1-1\"  class=\"panel-grid-cell\" ><div id=\"panel-151-1-1-0\" class=\"so-panel widget widget_sow-editor panel-first-child panel-last-child\" data-index=\"2\" ><div\n\t\t\t\n\t\t\tclass=\"so-widget-sow-editor so-widget-sow-editor-base\"\n\t\t\t\n\t\t>\n<div class=\"siteorigin-widget-tinymce textwidget\">\n\t<p><a href=\"https:\/\/hausarztpraxis-hagen.de\/wp-content\/uploads\/2021\/03\/laber-480.jpg\"><img loading=\"lazy\" decoding=\"async\" class=\"alignnone wp-image-1813 size-full\" src=\"https:\/\/hausarztpraxis-hagen.de\/wp-content\/uploads\/2021\/03\/laber-480.jpg\" alt=\"\" width=\"860\" height=\"430\" srcset=\"https:\/\/hausarztpraxis-hagen.de\/wp-content\/uploads\/2021\/03\/laber-480.jpg 860w, https:\/\/hausarztpraxis-hagen.de\/wp-content\/uploads\/2021\/03\/laber-480-300x150.jpg 300w, https:\/\/hausarztpraxis-hagen.de\/wp-content\/uploads\/2021\/03\/laber-480-768x384.jpg 768w, https:\/\/hausarztpraxis-hagen.de\/wp-content\/uploads\/2021\/03\/laber-480-350x175.jpg 350w, https:\/\/hausarztpraxis-hagen.de\/wp-content\/uploads\/2021\/03\/laber-480-600x300.jpg 600w\" sizes=\"auto, (max-width: 860px) 100vw, 860px\" \/><\/a><\/p>\n<p>&nbsp;<\/p>\n<p>&nbsp;<\/p>\n<\/div>\n<\/div><\/div><\/div><\/div><\/div>","protected":false},"excerpt":{"rendered":"<p>Laboruntersuchungen Heutzutage werden nur noch wenige Laboruntersuchungen vor Ort in den Praxen selbst durchgef\u00fchrt. Hierzu geh\u00f6ren z.B. die Blutzuckerbestimmung, die orientierende Urintestung, der Schnelltests auf Troponin- oder D-Dimere (Herzinfarkt-, Thrombosediagnostik) sowie die INR-(Gerinnungs-)Messung bei Marcumar-Patienten. Alle anderen Untersuchungen lassen wir in einem gro\u00dfen Zentrallabor durchf\u00fchren. Zur Kl\u00e4rung akuter bedrohlicher Krankheitsbilder haben wir verschiedene Schnellteste neu &hellip;<\/p>\n","protected":false},"author":1,"featured_media":1813,"parent":116,"menu_order":0,"comment_status":"closed","ping_status":"closed","template":"","meta":{"footnotes":""},"class_list":{"0":"post-151","1":"page","2":"type-page","3":"status-publish","4":"has-post-thumbnail","6":"clearfix","7":"article"},"acf":[],"_links":{"self":[{"href":"https:\/\/hausarztpraxis-hagen.de\/index.php?rest_route=\/wp\/v2\/pages\/151","targetHints":{"allow":["GET"]}}],"collection":[{"href":"https:\/\/hausarztpraxis-hagen.de\/index.php?rest_route=\/wp\/v2\/pages"}],"about":[{"href":"https:\/\/hausarztpraxis-hagen.de\/index.php?rest_route=\/wp\/v2\/types\/page"}],"author":[{"embeddable":true,"href":"https:\/\/hausarztpraxis-hagen.de\/index.php?rest_route=\/wp\/v2\/users\/1"}],"replies":[{"embeddable":true,"href":"https:\/\/hausarztpraxis-hagen.de\/index.php?rest_route=%2Fwp%2Fv2%2Fcomments&post=151"}],"version-history":[{"count":10,"href":"https:\/\/hausarztpraxis-hagen.de\/index.php?rest_route=\/wp\/v2\/pages\/151\/revisions"}],"predecessor-version":[{"id":1828,"href":"https:\/\/hausarztpraxis-hagen.de\/index.php?rest_route=\/wp\/v2\/pages\/151\/revisions\/1828"}],"up":[{"embeddable":true,"href":"https:\/\/hausarztpraxis-hagen.de\/index.php?rest_route=\/wp\/v2\/pages\/116"}],"wp:featuredmedia":[{"embeddable":true,"href":"https:\/\/hausarztpraxis-hagen.de\/index.php?rest_route=\/wp\/v2\/media\/1813"}],"wp:attachment":[{"href":"https:\/\/hausarztpraxis-hagen.de\/index.php?rest_route=%2Fwp%2Fv2%2Fmedia&parent=151"}],"curies":[{"name":"wp","href":"https:\/\/api.w.org\/{rel}","templated":true}]}}