{"id":1866,"date":"2021-03-21T21:15:34","date_gmt":"2021-03-21T20:15:34","guid":{"rendered":"https:\/\/hausarztpraxis-hagen.de\/?page_id=1866"},"modified":"2021-03-21T21:32:27","modified_gmt":"2021-03-21T20:32:27","slug":"dmp-untersuchungen","status":"publish","type":"page","link":"https:\/\/hausarztpraxis-hagen.de\/?page_id=1866","title":{"rendered":"DMP-Untersuchungen"},"content":{"rendered":"<div id=\"pl-1866\"  class=\"panel-layout\" ><div id=\"pg-1866-0\"  class=\"panel-grid panel-no-style\" ><div id=\"pgc-1866-0-0\"  class=\"panel-grid-cell\" ><div id=\"panel-1866-0-0-0\" class=\"so-panel widget widget_sow-editor panel-first-child panel-last-child\" data-index=\"0\" ><div\n\t\t\t\n\t\t\tclass=\"so-widget-sow-editor so-widget-sow-editor-base\"\n\t\t\t\n\t\t>\n<div class=\"siteorigin-widget-tinymce textwidget\">\n\t<h3>Desease-Management-Program (DMP)<\/h3>\n<p>Es handelt sich um strukturiete Untersuchungsprogramme f\u00fcr chronische Erkrankungen, die einer besonderen Behandlung Beachtung und Kontrolle bed\u00fcrfen. Dabei sind alle 3 oder 6 Monate Termine mit oder ohne Laborkontrollen, Lungenfunktionskontrollen usw.\u00a0 notwendig.<\/p>\n<p>Eingeschrieben werden Patienten mit<\/p>\n<ul>\n<li>Diabetes mellitus Typ II<\/li>\n<li>Herzkranzgef\u00e4\u00dferkrankung (KHK)<\/li>\n<li>Chronisch obstruktive Lungenerkrankungen (COPD)<\/li>\n<li>Asthma<\/li>\n<\/ul>\n<p>Je nach Bedarf werden auch Patientenschulungen veranlasst, damit man mehr \u00fcber die eigene chronische Erkrankung erf\u00e4hrt und die Besonderheiten kennenlernt und den Lebensstil m\u00f6glichst anpassen kann.<\/p>\n<\/div>\n<\/div><\/div><\/div><\/div><div id=\"pg-1866-1\"  class=\"panel-grid panel-no-style\" ><div id=\"pgc-1866-1-0\"  class=\"panel-grid-cell\" ><div id=\"panel-1866-1-0-0\" class=\"so-panel widget widget_sow-editor panel-first-child panel-last-child\" data-index=\"1\" ><div\n\t\t\t\n\t\t\tclass=\"so-widget-sow-editor so-widget-sow-editor-base\"\n\t\t\t\n\t\t>\n<div class=\"siteorigin-widget-tinymce textwidget\">\n\t<p><a href=\"https:\/\/hausarztpraxis-hagen.de\/wp-content\/uploads\/2021\/03\/dm-480.jpg\"><img loading=\"lazy\" decoding=\"async\" class=\"wp-image-1892 size-full\" src=\"https:\/\/hausarztpraxis-hagen.de\/wp-content\/uploads\/2021\/03\/dm-480.jpg\" alt=\"\" width=\"860\" height=\"430\" srcset=\"https:\/\/hausarztpraxis-hagen.de\/wp-content\/uploads\/2021\/03\/dm-480.jpg 860w, https:\/\/hausarztpraxis-hagen.de\/wp-content\/uploads\/2021\/03\/dm-480-300x150.jpg 300w, https:\/\/hausarztpraxis-hagen.de\/wp-content\/uploads\/2021\/03\/dm-480-768x384.jpg 768w, https:\/\/hausarztpraxis-hagen.de\/wp-content\/uploads\/2021\/03\/dm-480-350x175.jpg 350w, https:\/\/hausarztpraxis-hagen.de\/wp-content\/uploads\/2021\/03\/dm-480-600x300.jpg 600w\" sizes=\"auto, (max-width: 860px) 100vw, 860px\" \/><\/a><\/p>\n<\/div>\n<\/div><\/div><\/div><div id=\"pgc-1866-1-1\"  class=\"panel-grid-cell\" ><div id=\"panel-1866-1-1-0\" class=\"so-panel widget widget_sow-editor panel-first-child panel-last-child\" data-index=\"2\" ><div\n\t\t\t\n\t\t\tclass=\"so-widget-sow-editor so-widget-sow-editor-base\"\n\t\t\t\n\t\t>\n<div class=\"siteorigin-widget-tinymce textwidget\">\n\t<p><a href=\"https:\/\/hausarztpraxis-hagen.de\/wp-content\/uploads\/2021\/03\/dm2-480.jpg\"><img loading=\"lazy\" decoding=\"async\" class=\"wp-image-1893 size-full\" src=\"https:\/\/hausarztpraxis-hagen.de\/wp-content\/uploads\/2021\/03\/dm2-480.jpg\" alt=\"\" width=\"860\" height=\"430\" srcset=\"https:\/\/hausarztpraxis-hagen.de\/wp-content\/uploads\/2021\/03\/dm2-480.jpg 860w, https:\/\/hausarztpraxis-hagen.de\/wp-content\/uploads\/2021\/03\/dm2-480-300x150.jpg 300w, https:\/\/hausarztpraxis-hagen.de\/wp-content\/uploads\/2021\/03\/dm2-480-768x384.jpg 768w, https:\/\/hausarztpraxis-hagen.de\/wp-content\/uploads\/2021\/03\/dm2-480-350x175.jpg 350w, https:\/\/hausarztpraxis-hagen.de\/wp-content\/uploads\/2021\/03\/dm2-480-600x300.jpg 600w\" sizes=\"auto, (max-width: 860px) 100vw, 860px\" \/><\/a><\/p>\n<\/div>\n<\/div><\/div><\/div><\/div><\/div>","protected":false},"excerpt":{"rendered":"<p>Desease-Management-Program (DMP) Es handelt sich um strukturiete Untersuchungsprogramme f\u00fcr chronische Erkrankungen, die einer besonderen Behandlung Beachtung und Kontrolle bed\u00fcrfen. Dabei sind alle 3 oder 6 Monate Termine mit oder ohne Laborkontrollen, Lungenfunktionskontrollen usw.\u00a0 notwendig. Eingeschrieben werden Patienten mit Diabetes mellitus Typ II Herzkranzgef\u00e4\u00dferkrankung (KHK) Chronisch obstruktive Lungenerkrankungen (COPD) Asthma Je nach Bedarf werden auch Patientenschulungen &hellip;<\/p>\n","protected":false},"author":1,"featured_media":1893,"parent":116,"menu_order":0,"comment_status":"closed","ping_status":"closed","template":"","meta":{"footnotes":""},"class_list":{"0":"post-1866","1":"page","2":"type-page","3":"status-publish","4":"has-post-thumbnail","6":"clearfix","7":"article"},"acf":[],"_links":{"self":[{"href":"https:\/\/hausarztpraxis-hagen.de\/index.php?rest_route=\/wp\/v2\/pages\/1866","targetHints":{"allow":["GET"]}}],"collection":[{"href":"https:\/\/hausarztpraxis-hagen.de\/index.php?rest_route=\/wp\/v2\/pages"}],"about":[{"href":"https:\/\/hausarztpraxis-hagen.de\/index.php?rest_route=\/wp\/v2\/types\/page"}],"author":[{"embeddable":true,"href":"https:\/\/hausarztpraxis-hagen.de\/index.php?rest_route=\/wp\/v2\/users\/1"}],"replies":[{"embeddable":true,"href":"https:\/\/hausarztpraxis-hagen.de\/index.php?rest_route=%2Fwp%2Fv2%2Fcomments&post=1866"}],"version-history":[{"count":4,"href":"https:\/\/hausarztpraxis-hagen.de\/index.php?rest_route=\/wp\/v2\/pages\/1866\/revisions"}],"predecessor-version":[{"id":1894,"href":"https:\/\/hausarztpraxis-hagen.de\/index.php?rest_route=\/wp\/v2\/pages\/1866\/revisions\/1894"}],"up":[{"embeddable":true,"href":"https:\/\/hausarztpraxis-hagen.de\/index.php?rest_route=\/wp\/v2\/pages\/116"}],"wp:featuredmedia":[{"embeddable":true,"href":"https:\/\/hausarztpraxis-hagen.de\/index.php?rest_route=\/wp\/v2\/media\/1893"}],"wp:attachment":[{"href":"https:\/\/hausarztpraxis-hagen.de\/index.php?rest_route=%2Fwp%2Fv2%2Fmedia&parent=1866"}],"curies":[{"name":"wp","href":"https:\/\/api.w.org\/{rel}","templated":true}]}}