{"id":1867,"date":"2021-03-21T21:15:37","date_gmt":"2021-03-21T20:15:37","guid":{"rendered":"https:\/\/hausarztpraxis-hagen.de\/?page_id=1867"},"modified":"2021-03-22T08:21:10","modified_gmt":"2021-03-22T07:21:10","slug":"vorsorgeuntersuchungen","status":"publish","type":"page","link":"https:\/\/hausarztpraxis-hagen.de\/?page_id=1867","title":{"rendered":"Vorsorgeuntersuchungen"},"content":{"rendered":"<div id=\"pl-1867\"  class=\"panel-layout\" ><div id=\"pg-1867-0\"  class=\"panel-grid panel-no-style\" ><div id=\"pgc-1867-0-0\"  class=\"panel-grid-cell\" ><div id=\"panel-1867-0-0-0\" class=\"so-panel widget widget_sow-editor panel-first-child panel-last-child\" data-index=\"0\" ><div\n\t\t\t\n\t\t\tclass=\"so-widget-sow-editor so-widget-sow-editor-base\"\n\t\t\t\n\t\t>\n<div class=\"siteorigin-widget-tinymce textwidget\">\n\t<h3>Vorsorgeuntersuchungen Was ist das?<\/h3>\n<p>Die Gesundheitsuntersuchung, auch als 'Check up' bekannt, ist eine sehr sinnvolle Untersuchung, die der Bev\u00f6lkerung ab dem 35. Lebensjahr zusteht und die wir sehr gerne anbieten. Es handelt sich dabei um eine pr\u00e4ventive Leistung, die uns hilft, Krankheiten fr\u00fchzeitig zu entdecken, um diese fr\u00fch behandeln zu k\u00f6nnen.<\/p>\n<h3>Wer kann das Angebot in Anspruch nehmen?<\/h3>\n<p>Vorsorgen ist besser als heilen. Dies gilt gerade f\u00fcr die gro\u00dfen Zivilisationskrankheiten wie Herz- Kreislauf- Erkrankungen, Nieren- und Zuckerkrankheit (Diabetes mellitus). Die Fr\u00fcherkennung von Gesundheitsst\u00f6rungen lohnt sich und erspart den Menschen Leid und Schmerzen. Deshalb haben die Krankenkassen und die Kassen\u00e4rztlichen Vereinigungen (KV) vereinbart, dass sich gesetzlich Versicherte ab dem 35. Lebensjahr in regelm\u00e4\u00dfigen Abst\u00e4nden untersuchen lassen k\u00f6nnen.<\/p>\n<h3>Wieso ist diese Untersuchung so wichtig?<\/h3>\n<p>Unbehandelter Bluthochdruck, erh\u00f6hte Cholesterin- oder Zuckerwerte k\u00f6nnen zu ernsthaften Herz- Kreislauf- Erkrankungen, zu Schlaganfall und\/oder Herzinfarkt f\u00fchren. Dabei reichen oft schon kleine Verhaltens\u00e4nderungen (Aufgabe des Rauchens, sportliche Bewegung, gesunde Ern\u00e4hrung, Gewichtreduktion etc.) aus, um bestehende Risikofaktoren zu mindern.<\/p>\n<h3>Was wird untersucht?<\/h3>\n<p>In einem Eingangsgespr\u00e4ch erl\u00e4utert der Patient seinem Arzt\/ seiner \u00c4rztin eventuell bestehende Erkrankungen bei ihm oder in der Familie und seinen pers\u00f6nlichen Gesundheitszustand. Dann erfolgt eine Ganzk\u00f6rperuntersuchung mit Messen des Blutdrucks. Eine Blutprobe bestimmt Blutzucker und Gesamt-Cholesterin. Der Urin-Streifen-Test sp\u00fcrt Nierenkrankheiten auf. In einem abschlie\u00dfenden Gespr\u00e4ch wird der Arzt die erhobenen Befunde mit dem Patienten besprechen und gemeinsam mit ihm eventuell notwendige Ma\u00dfnahmen erl\u00e4utern.<\/p>\n<h3>Weiterf\u00fchrende Untersuchungen<\/h3>\n<p>Werden krankhafte Ver\u00e4nderungen festgestellt, erfolgt die Veranlassung weiterf\u00fchrender Untersuchungen, wie z. B. Ultraschall der Bauchorgane oder der Schilddr\u00fcse, Ruhe- oder Belastungs-EKG, 24-Stunden Blutdruckmessung bzw. Bestimmung weiterer Blutparameter. Bei Leistungen, die wir nicht selber erbringen k\u00f6nnen bzw. bei Erkrankungen, die weitere Untersuchungen durch einen Spezialisten erforderlich machen, erfolgt die \u00dcberweisung zu den Fachkollegen.<\/p>\n<h3>Individuelle Gesundheitsleistungen<\/h3>\n<p>Liegen keine krankhaften Ver\u00e4nderungen vor und w\u00fcnschen Sie weitere Untersuchungen, um Ihr Erkrankungsrisiko weiter einzugrenzen, bieten wir selbstverst\u00e4ndlich zus\u00e4tzliche Leistungen an. Es handelt sich dabei um Individuelle Gesundheitsleistungen, \u00fcber die anfallenden Kosten informieren wir Sie gerne.<\/p>\n<\/div>\n<\/div><\/div><\/div><\/div><div id=\"pg-1867-1\"  class=\"panel-grid panel-no-style\" ><div id=\"pgc-1867-1-0\"  class=\"panel-grid-cell\" ><div id=\"panel-1867-1-0-0\" class=\"so-panel widget widget_sow-editor panel-first-child panel-last-child\" data-index=\"1\" ><div\n\t\t\t\n\t\t\tclass=\"so-widget-sow-editor so-widget-sow-editor-base\"\n\t\t\t\n\t\t>\n<div class=\"siteorigin-widget-tinymce textwidget\">\n\t<p><a href=\"https:\/\/hausarztpraxis-hagen.de\/wp-content\/uploads\/2021\/03\/vorgesund-480.jpg\"><img loading=\"lazy\" decoding=\"async\" class=\"wp-image-1897 size-full\" src=\"https:\/\/hausarztpraxis-hagen.de\/wp-content\/uploads\/2021\/03\/vorgesund-480.jpg\" alt=\"\" width=\"860\" height=\"430\" srcset=\"https:\/\/hausarztpraxis-hagen.de\/wp-content\/uploads\/2021\/03\/vorgesund-480.jpg 860w, https:\/\/hausarztpraxis-hagen.de\/wp-content\/uploads\/2021\/03\/vorgesund-480-300x150.jpg 300w, https:\/\/hausarztpraxis-hagen.de\/wp-content\/uploads\/2021\/03\/vorgesund-480-768x384.jpg 768w, https:\/\/hausarztpraxis-hagen.de\/wp-content\/uploads\/2021\/03\/vorgesund-480-350x175.jpg 350w, https:\/\/hausarztpraxis-hagen.de\/wp-content\/uploads\/2021\/03\/vorgesund-480-600x300.jpg 600w\" sizes=\"auto, (max-width: 860px) 100vw, 860px\" \/><\/a><\/p>\n<\/div>\n<\/div><\/div><\/div><div id=\"pgc-1867-1-1\"  class=\"panel-grid-cell\" ><div id=\"panel-1867-1-1-0\" class=\"so-panel widget widget_sow-editor panel-first-child panel-last-child\" data-index=\"2\" ><div\n\t\t\t\n\t\t\tclass=\"so-widget-sow-editor so-widget-sow-editor-base\"\n\t\t\t\n\t\t>\n<div class=\"siteorigin-widget-tinymce textwidget\">\n\t<p><a href=\"https:\/\/hausarztpraxis-hagen.de\/wp-content\/uploads\/2021\/03\/vorgesund2-480.jpg\"><img loading=\"lazy\" decoding=\"async\" class=\"wp-image-1898 size-full\" src=\"https:\/\/hausarztpraxis-hagen.de\/wp-content\/uploads\/2021\/03\/vorgesund2-480.jpg\" alt=\"\" width=\"860\" height=\"430\" srcset=\"https:\/\/hausarztpraxis-hagen.de\/wp-content\/uploads\/2021\/03\/vorgesund2-480.jpg 860w, https:\/\/hausarztpraxis-hagen.de\/wp-content\/uploads\/2021\/03\/vorgesund2-480-300x150.jpg 300w, https:\/\/hausarztpraxis-hagen.de\/wp-content\/uploads\/2021\/03\/vorgesund2-480-768x384.jpg 768w, https:\/\/hausarztpraxis-hagen.de\/wp-content\/uploads\/2021\/03\/vorgesund2-480-350x175.jpg 350w, https:\/\/hausarztpraxis-hagen.de\/wp-content\/uploads\/2021\/03\/vorgesund2-480-600x300.jpg 600w\" sizes=\"auto, (max-width: 860px) 100vw, 860px\" \/><\/a><\/p>\n<\/div>\n<\/div><\/div><\/div><\/div><\/div>","protected":false},"excerpt":{"rendered":"<p>Vorsorgeuntersuchungen Was ist das? Die Gesundheitsuntersuchung, auch als &#8218;Check up&#8216; bekannt, ist eine sehr sinnvolle Untersuchung, die der Bev\u00f6lkerung ab dem 35. Lebensjahr zusteht und die wir sehr gerne anbieten. Es handelt sich dabei um eine pr\u00e4ventive Leistung, die uns hilft, Krankheiten fr\u00fchzeitig zu entdecken, um diese fr\u00fch behandeln zu k\u00f6nnen. Wer kann das Angebot &hellip;<\/p>\n","protected":false},"author":1,"featured_media":1898,"parent":116,"menu_order":0,"comment_status":"closed","ping_status":"closed","template":"","meta":{"footnotes":""},"class_list":{"0":"post-1867","1":"page","2":"type-page","3":"status-publish","4":"has-post-thumbnail","6":"clearfix","7":"article"},"acf":[],"_links":{"self":[{"href":"https:\/\/hausarztpraxis-hagen.de\/index.php?rest_route=\/wp\/v2\/pages\/1867","targetHints":{"allow":["GET"]}}],"collection":[{"href":"https:\/\/hausarztpraxis-hagen.de\/index.php?rest_route=\/wp\/v2\/pages"}],"about":[{"href":"https:\/\/hausarztpraxis-hagen.de\/index.php?rest_route=\/wp\/v2\/types\/page"}],"author":[{"embeddable":true,"href":"https:\/\/hausarztpraxis-hagen.de\/index.php?rest_route=\/wp\/v2\/users\/1"}],"replies":[{"embeddable":true,"href":"https:\/\/hausarztpraxis-hagen.de\/index.php?rest_route=%2Fwp%2Fv2%2Fcomments&post=1867"}],"version-history":[{"count":5,"href":"https:\/\/hausarztpraxis-hagen.de\/index.php?rest_route=\/wp\/v2\/pages\/1867\/revisions"}],"predecessor-version":[{"id":1919,"href":"https:\/\/hausarztpraxis-hagen.de\/index.php?rest_route=\/wp\/v2\/pages\/1867\/revisions\/1919"}],"up":[{"embeddable":true,"href":"https:\/\/hausarztpraxis-hagen.de\/index.php?rest_route=\/wp\/v2\/pages\/116"}],"wp:featuredmedia":[{"embeddable":true,"href":"https:\/\/hausarztpraxis-hagen.de\/index.php?rest_route=\/wp\/v2\/media\/1898"}],"wp:attachment":[{"href":"https:\/\/hausarztpraxis-hagen.de\/index.php?rest_route=%2Fwp%2Fv2%2Fmedia&parent=1867"}],"curies":[{"name":"wp","href":"https:\/\/api.w.org\/{rel}","templated":true}]}}