{"id":1868,"date":"2021-03-21T21:19:15","date_gmt":"2021-03-21T20:19:15","guid":{"rendered":"https:\/\/hausarztpraxis-hagen.de\/?page_id=1868"},"modified":"2021-03-21T21:19:15","modified_gmt":"2021-03-21T20:19:15","slug":"belastungs-ekg","status":"publish","type":"page","link":"https:\/\/hausarztpraxis-hagen.de\/?page_id=1868","title":{"rendered":"Belastungs-EKG"},"content":{"rendered":"<div id=\"pl-1868\"  class=\"panel-layout\" ><div id=\"pg-1868-0\"  class=\"panel-grid panel-no-style\" ><div id=\"pgc-1868-0-0\"  class=\"panel-grid-cell\" ><div id=\"panel-1868-0-0-0\" class=\"so-panel widget widget_sow-editor panel-first-child panel-last-child\" data-index=\"0\" ><div\n\t\t\t\n\t\t\tclass=\"so-widget-sow-editor so-widget-sow-editor-base\"\n\t\t\t\n\t\t>\n<div class=\"siteorigin-widget-tinymce textwidget\">\n\t<h3>Was ist ein Belastungs EKG?<\/h3>\n<p>Beim Belastungs-EKG wird der Patient auf einem fahrrad \u00e4hnlichen Ger\u00e4t unter steigender Intensit\u00e4t belastet. Dabei werden Herzschlagfolge, Blutdruck und Allgemeinbefinden des Patienten \u00fcberwacht. W\u00e4hrend der gesamten Belastung werden die \u201eHerzstr\u00f6me\u201c (n\u00e4heres siehe unter EKG) mittels eines EKG Ger\u00e4tes aufgezeichnet. Die Belastung erfolgt bis zu einer altersbedingten Belastungsgrenze. Sollten schon vor Erreichen der altersbedingten Belastungsgrenze Beschwerden wie zum Beispiel Herzschmerzen, Atemnot oder auff\u00e4llige Ver\u00e4nderungen der EKG-Kurve auftreten, wird der Belastungstest abgebrochen.<\/p>\n<h3>\nWas bedeutet k\u00f6rperliche Belastung?<\/h3>\n<p>Bei einer erh\u00f6hten k\u00f6rperlichen Belastung auf dem Fahrrad ben\u00f6tigt die arbeitende Skelettmuskulatur (in diesem Fall die Beinmuskulatur) ein gr\u00f6\u00dfere Menge Sauerstoff und N\u00e4hrstoffe, welche im Blut transportiert werden. Somit muss das Herz mehr leisten, weil es die arbeitenden Beinmuskeln mit einer gr\u00f6\u00dferen Blutmenge versorgen muss. Durch die Mehrbelastung beim Radfahren entsteht ein erh\u00f6hter Sauerstoffbedarf f\u00fcr den Herzmuskel. Besteht eine Verengung der Herzkranzgef\u00e4\u00dfe (Herz versorgende Gef\u00e4\u00dfe), welche in Ruhe den Herzmuskel noch ausreichend mit Blut versorgen k\u00f6nnen, so ger\u00e4t im Falle k\u00f6rperlicher Anstrengung der Herzmuskel gegebenenfalls unter Sauerstoffnot. Es k\u00f6nnen Herzschmerzen (Angina pectoris) oder verst\u00e4rkte Luftnot auftreten, die EKG Kurven oder der Herzrhythmus k\u00f6nnen sich ver\u00e4ndern. Die Beschwerden des Patienten werden registriert, die Ver\u00e4nderung der EKG Kurven und des Herzrhythmus werden aufgezeichnet und abgespeichert.<\/p>\n<h3>\nWieso wird ein Belastungs-EKG durchgef\u00fchrt?<\/h3>\n<p>Das Belastungs-EKG zeigt eventuell auftretende Durchblutungsst\u00f6rungen des Herzmuskels an. Entsprechende Untersuchungen, Behandlungen k\u00f6nnen noch vor dem Auftreten eines Herzinfarktes eingeleitet werden. Durch ein Belastungs-EKG kann die Wirksamkeit von verordneten Medikamenten (z. B. Blutdruckmedikamente, Medikamente zur Rhythmusstabilisierung) \u00fcberpr\u00fcft werden.<\/p>\n<p>Die Ergebnisse und Auswertungen dieser Untersuchung werden in unserer elektronischen Krankenakte gespeichert und k\u00f6nnen in unserem internen Praxisnetzwerk an jedem Arbeitsplatz aufgerufen und mit Ihnen er\u00f6rtert werden.<\/p>\n<\/div>\n<\/div><\/div><\/div><\/div><div id=\"pg-1868-1\"  class=\"panel-grid panel-no-style\" ><div id=\"pgc-1868-1-0\"  class=\"panel-grid-cell\" ><div id=\"panel-1868-1-0-0\" class=\"so-panel widget widget_sow-editor panel-first-child panel-last-child\" data-index=\"1\" ><div\n\t\t\t\n\t\t\tclass=\"so-widget-sow-editor so-widget-sow-editor-base\"\n\t\t\t\n\t\t>\n<div class=\"siteorigin-widget-tinymce textwidget\">\n\t<p><a href=\"https:\/\/hausarztpraxis-hagen.de\/wp-content\/uploads\/2021\/03\/belastungs-ekg-480.jpg\"><img loading=\"lazy\" decoding=\"async\" class=\"wp-image-1843 size-full\" src=\"https:\/\/hausarztpraxis-hagen.de\/wp-content\/uploads\/2021\/03\/belastungs-ekg-480.jpg\" alt=\"\" width=\"860\" height=\"430\" srcset=\"https:\/\/hausarztpraxis-hagen.de\/wp-content\/uploads\/2021\/03\/belastungs-ekg-480.jpg 860w, https:\/\/hausarztpraxis-hagen.de\/wp-content\/uploads\/2021\/03\/belastungs-ekg-480-300x150.jpg 300w, https:\/\/hausarztpraxis-hagen.de\/wp-content\/uploads\/2021\/03\/belastungs-ekg-480-768x384.jpg 768w, https:\/\/hausarztpraxis-hagen.de\/wp-content\/uploads\/2021\/03\/belastungs-ekg-480-350x175.jpg 350w, https:\/\/hausarztpraxis-hagen.de\/wp-content\/uploads\/2021\/03\/belastungs-ekg-480-600x300.jpg 600w\" sizes=\"auto, (max-width: 860px) 100vw, 860px\" \/><\/a><\/p>\n<\/div>\n<\/div><\/div><\/div><div id=\"pgc-1868-1-1\"  class=\"panel-grid-cell\" ><div id=\"panel-1868-1-1-0\" class=\"so-panel widget widget_sow-editor panel-first-child panel-last-child\" data-index=\"2\" ><div\n\t\t\t\n\t\t\tclass=\"so-widget-sow-editor so-widget-sow-editor-base\"\n\t\t\t\n\t\t>\n<div class=\"siteorigin-widget-tinymce textwidget\">\n\t<p><a href=\"https:\/\/hausarztpraxis-hagen.de\/wp-content\/uploads\/2021\/03\/belastungs-ekg2-480.jpg\"><img loading=\"lazy\" decoding=\"async\" class=\"wp-image-1844 size-full\" src=\"https:\/\/hausarztpraxis-hagen.de\/wp-content\/uploads\/2021\/03\/belastungs-ekg2-480.jpg\" alt=\"\" width=\"860\" height=\"430\" srcset=\"https:\/\/hausarztpraxis-hagen.de\/wp-content\/uploads\/2021\/03\/belastungs-ekg2-480.jpg 860w, https:\/\/hausarztpraxis-hagen.de\/wp-content\/uploads\/2021\/03\/belastungs-ekg2-480-300x150.jpg 300w, https:\/\/hausarztpraxis-hagen.de\/wp-content\/uploads\/2021\/03\/belastungs-ekg2-480-768x384.jpg 768w, https:\/\/hausarztpraxis-hagen.de\/wp-content\/uploads\/2021\/03\/belastungs-ekg2-480-350x175.jpg 350w, https:\/\/hausarztpraxis-hagen.de\/wp-content\/uploads\/2021\/03\/belastungs-ekg2-480-600x300.jpg 600w\" sizes=\"auto, (max-width: 860px) 100vw, 860px\" \/><\/a><\/p>\n<\/div>\n<\/div><\/div><\/div><\/div><\/div>","protected":false},"excerpt":{"rendered":"<p>Was ist ein Belastungs EKG? Beim Belastungs-EKG wird der Patient auf einem fahrrad \u00e4hnlichen Ger\u00e4t unter steigender Intensit\u00e4t belastet. Dabei werden Herzschlagfolge, Blutdruck und Allgemeinbefinden des Patienten \u00fcberwacht. W\u00e4hrend der gesamten Belastung werden die \u201eHerzstr\u00f6me\u201c (n\u00e4heres siehe unter EKG) mittels eines EKG Ger\u00e4tes aufgezeichnet. Die Belastung erfolgt bis zu einer altersbedingten Belastungsgrenze. Sollten schon vor &hellip;<\/p>\n","protected":false},"author":1,"featured_media":1843,"parent":116,"menu_order":0,"comment_status":"closed","ping_status":"closed","template":"","meta":{"footnotes":""},"class_list":{"0":"post-1868","1":"page","2":"type-page","3":"status-publish","4":"has-post-thumbnail","6":"clearfix","7":"article"},"acf":[],"_links":{"self":[{"href":"https:\/\/hausarztpraxis-hagen.de\/index.php?rest_route=\/wp\/v2\/pages\/1868","targetHints":{"allow":["GET"]}}],"collection":[{"href":"https:\/\/hausarztpraxis-hagen.de\/index.php?rest_route=\/wp\/v2\/pages"}],"about":[{"href":"https:\/\/hausarztpraxis-hagen.de\/index.php?rest_route=\/wp\/v2\/types\/page"}],"author":[{"embeddable":true,"href":"https:\/\/hausarztpraxis-hagen.de\/index.php?rest_route=\/wp\/v2\/users\/1"}],"replies":[{"embeddable":true,"href":"https:\/\/hausarztpraxis-hagen.de\/index.php?rest_route=%2Fwp%2Fv2%2Fcomments&post=1868"}],"version-history":[{"count":1,"href":"https:\/\/hausarztpraxis-hagen.de\/index.php?rest_route=\/wp\/v2\/pages\/1868\/revisions"}],"predecessor-version":[{"id":1874,"href":"https:\/\/hausarztpraxis-hagen.de\/index.php?rest_route=\/wp\/v2\/pages\/1868\/revisions\/1874"}],"up":[{"embeddable":true,"href":"https:\/\/hausarztpraxis-hagen.de\/index.php?rest_route=\/wp\/v2\/pages\/116"}],"wp:featuredmedia":[{"embeddable":true,"href":"https:\/\/hausarztpraxis-hagen.de\/index.php?rest_route=\/wp\/v2\/media\/1843"}],"wp:attachment":[{"href":"https:\/\/hausarztpraxis-hagen.de\/index.php?rest_route=%2Fwp%2Fv2%2Fmedia&parent=1868"}],"curies":[{"name":"wp","href":"https:\/\/api.w.org\/{rel}","templated":true}]}}