{"id":255,"date":"2017-02-17T07:22:39","date_gmt":"2017-02-17T07:22:39","guid":{"rendered":"https:\/\/xml-io.proteusthemes.com\/medicpress\/?page_id=255"},"modified":"2021-10-20T12:49:33","modified_gmt":"2021-10-20T10:49:33","slug":"dr-pollar-troy","status":"publish","type":"page","link":"https:\/\/hausarztpraxis-hagen.de\/?page_id=255","title":{"rendered":"Dr. med. Serdar \u00d6zdogan"},"content":{"rendered":"<div id=\"pl-255\"  class=\"panel-layout\" ><div id=\"pg-255-0\"  class=\"panel-grid panel-no-style\" ><div id=\"pgc-255-0-0\"  class=\"panel-grid-cell\" ><div id=\"panel-255-0-0-0\" class=\"so-panel widget widget_pw_person_profile widget-person-profile panel-first-child\" data-index=\"0\" >\n\t<div class=\"person-profile  h-card\">\n\t\t\t\t\t\t<div class=\"person-profile__container\">\n\t\t\t<div class=\"person-profile__basic-info\">\n\t\t\t\t\t\t\t\t\t<h4 class=\"person-profile__name  p-name\">\n\t\t\t\t\t\t\t\t\t\tDr. med. Serdar \u00d6zdogan\t\t\t\t\t\t\t\t\t\t<\/h4>\n\t\t\t\t\n\t\t\t\t\t\t\t\t\t<div class=\"person-profile__label\">\n\t\t\t\t\t\tInnere Medizin und Geriatrie\t\t\t\t\t<\/div>\n\t\t\t\t\n\t\t\t<\/div>\n\n\t\t\t\n\t\t\t\t\t\t\t<div class=\"person-profile__specific-location\">\n\t\t\t\t\tFacharzt\t\t\t\t<\/div>\n\t\t\t\n\t\t\t\t\t\t\t<div class=\"person-profile__icon-list  icon-list\">\n\t\t\t\t\t\t\t\t\t\t\t<div class=\"icon-list__item  icon-list__item--default\">\n\t\t\t\t\t\t\t<i class=\"fa  fa-angle-right\" aria-hidden=\"true\"><\/i>\n\t\t\t\t\t\t\t\t\t\t\t\t\t\t\t<div class=\"icon-list__text\">\n\t\t\t\t\t\t\t\t\tInnere Medizin\t\t\t\t\t\t\t\t<\/div>\n\t\t\t\t\t\t\t\t\t\t\t\t\t<\/div>\n\t\t\t\t\t\t\t\t\t\t\t<div class=\"icon-list__item  icon-list__item--default\">\n\t\t\t\t\t\t\t<i class=\"fa  fa-angle-right\" aria-hidden=\"true\"><\/i>\n\t\t\t\t\t\t\t\t\t\t\t\t\t\t\t<div class=\"icon-list__text\">\n\t\t\t\t\t\t\t\t\tGeriatrie\t\t\t\t\t\t\t\t<\/div>\n\t\t\t\t\t\t\t\t\t\t\t\t\t<\/div>\n\t\t\t\t\t\t\t\t\t\t\t<a href=\"mailto:info@hausarztpraxis-hagen.de\" class=\"icon-list__item  icon-list__item--default\">\n\t\t\t\t\t\t\t<i class=\"fa  fa-angle-right\" aria-hidden=\"true\"><\/i>\n\t\t\t\t\t\t\t\t\t\t\t\t\t\t\t<div class=\"icon-list__text\">\n\t\t\t\t\t\t\t\t\tinfo@hausarztpraxis-hagen.de\t\t\t\t\t\t\t\t<\/div>\n\t\t\t\t\t\t\t\t\t\t\t\t\t<\/a>\n\t\t\t\t\t\t\t\t\t\t\t<div class=\"icon-list__item  icon-list__item--featured\">\n\t\t\t\t\t\t\t<i class=\"fa  fa-phone\" aria-hidden=\"true\"><\/i>\n\t\t\t\t\t\t\t\t\t\t\t\t\t\t<div class=\"icon-list__content\">\n\t\t\t\t\t\t\t\t<div class=\"icon-list__description\">\n\t\t\t\t\t\t\t\t\tNotfallnummer\t\t\t\t\t\t\t\t<\/div>\n\t\t\t\t\t\t\t\t\t\t\t\t\t\t\t<div class=\"icon-list__text\">\n\t\t\t\t\t\t\t\t\t+49 (0) 2331 48 355 33\t\t\t\t\t\t\t\t<\/div>\n\t\t\t\t\t\t\t\t\t\t\t\t\t\t<\/div>\n\t\t\t\t\t\t\t\t\t\t\t\t\t<\/div>\n\t\t\t\t\t\t\t\t\t<\/div>\n\t\t\t\n\t\t\t\n\t\t<\/div>\n\t<\/div>\n\n<\/div><div id=\"panel-255-0-0-1\" class=\"so-panel widget widget_pw_opening_time widget-opening-time panel-last-child\" data-index=\"1\" ><div class=\"panel-widget-style panel-widget-style-for-255-0-0-1\" >\t\t\t<div class=\"opening-time\">\n\t\t\t\t\t\t\t<div class=\"opening-time__item\">\n\t\t\t\t\t<div class=\"opening-time__day\">\n\t\t\t\t\t\tMontag\t\t\t\t\t<\/div>\n\t\t\t\t\t<div class=\"opening-time__time\">\n\t\t\t\t\t\t8:00 - 12:00\t\t\t\t\t<\/div>\n\t\t\t\t<\/div>\n\t\t\t\t\t\t\t<div class=\"opening-time__item\">\n\t\t\t\t\t<div class=\"opening-time__day\">\n\t\t\t\t\t\t\t\t\t\t\t<\/div>\n\t\t\t\t\t<div class=\"opening-time__time\">\n\t\t\t\t\t\t15:00 - 17:00\t\t\t\t\t<\/div>\n\t\t\t\t<\/div>\n\t\t\t\t\t\t\t<div class=\"opening-time__item\">\n\t\t\t\t\t<div class=\"opening-time__day\">\n\t\t\t\t\t\tDienstag\t\t\t\t\t<\/div>\n\t\t\t\t\t<div class=\"opening-time__time\">\n\t\t\t\t\t\t8:00 - 12:00\t\t\t\t\t<\/div>\n\t\t\t\t<\/div>\n\t\t\t\t\t\t\t<div class=\"opening-time__item\">\n\t\t\t\t\t<div class=\"opening-time__day\">\n\t\t\t\t\t\t\t\t\t\t\t<\/div>\n\t\t\t\t\t<div class=\"opening-time__time\">\n\t\t\t\t\t\t15:00 - 17:00\t\t\t\t\t<\/div>\n\t\t\t\t<\/div>\n\t\t\t\t\t\t\t<div class=\"opening-time__item\">\n\t\t\t\t\t<div class=\"opening-time__day\">\n\t\t\t\t\t\tMittwoch\t\t\t\t\t<\/div>\n\t\t\t\t\t<div class=\"opening-time__time\">\n\t\t\t\t\t\t8:00 - 12:00\t\t\t\t\t<\/div>\n\t\t\t\t<\/div>\n\t\t\t\t\t\t\t<div class=\"opening-time__item\">\n\t\t\t\t\t<div class=\"opening-time__day\">\n\t\t\t\t\t\tDonnerstag\t\t\t\t\t<\/div>\n\t\t\t\t\t<div class=\"opening-time__time\">\n\t\t\t\t\t\t8:00 - 12:00\t\t\t\t\t<\/div>\n\t\t\t\t<\/div>\n\t\t\t\t\t\t\t<div class=\"opening-time__item\">\n\t\t\t\t\t<div class=\"opening-time__day\">\n\t\t\t\t\t\t\t\t\t\t\t<\/div>\n\t\t\t\t\t<div class=\"opening-time__time\">\n\t\t\t\t\t\t15:00 - 17:00\t\t\t\t\t<\/div>\n\t\t\t\t<\/div>\n\t\t\t\t\t\t\t<div class=\"opening-time__item\">\n\t\t\t\t\t<div class=\"opening-time__day\">\n\t\t\t\t\t\tFreitag\t\t\t\t\t<\/div>\n\t\t\t\t\t<div class=\"opening-time__time\">\n\t\t\t\t\t\t8:00 - 12:00\t\t\t\t\t<\/div>\n\t\t\t\t<\/div>\n\t\t\t\t\t\t<\/div>\n\t\t<\/div><\/div><\/div><div id=\"pgc-255-0-1\"  class=\"panel-grid-cell\" ><div id=\"panel-255-0-1-0\" class=\"so-panel widget widget_sow-editor panel-first-child\" data-index=\"2\" ><div\n\t\t\t\n\t\t\tclass=\"so-widget-sow-editor so-widget-sow-editor-base\"\n\t\t\t\n\t\t>\n<div class=\"siteorigin-widget-tinymce textwidget\">\n\t<p>&nbsp;<\/p>\n<p><a href=\"https:\/\/hausarztpraxis-hagen.de\/wp-content\/uploads\/2021\/03\/SAM_3774-scaled.jpg\"><img loading=\"lazy\" decoding=\"async\" class=\"alignnone wp-image-964\" src=\"https:\/\/hausarztpraxis-hagen.de\/wp-content\/uploads\/2021\/03\/SAM_3774-1024x683.jpg\" alt=\"\" width=\"859\" height=\"573\" srcset=\"https:\/\/hausarztpraxis-hagen.de\/wp-content\/uploads\/2021\/03\/SAM_3774-1024x683.jpg 1024w, https:\/\/hausarztpraxis-hagen.de\/wp-content\/uploads\/2021\/03\/SAM_3774-300x200.jpg 300w, https:\/\/hausarztpraxis-hagen.de\/wp-content\/uploads\/2021\/03\/SAM_3774-768x512.jpg 768w, https:\/\/hausarztpraxis-hagen.de\/wp-content\/uploads\/2021\/03\/SAM_3774-1536x1024.jpg 1536w, https:\/\/hausarztpraxis-hagen.de\/wp-content\/uploads\/2021\/03\/SAM_3774-2048x1365.jpg 2048w, https:\/\/hausarztpraxis-hagen.de\/wp-content\/uploads\/2021\/03\/SAM_3774-600x400.jpg 600w, https:\/\/hausarztpraxis-hagen.de\/wp-content\/uploads\/2021\/03\/SAM_3774-272x182.jpg 272w\" sizes=\"auto, (max-width: 859px) 100vw, 859px\" \/><\/a><\/p>\n<p>&nbsp;<\/p>\n<h5>\u00dcber mich<\/h5>\n<p>Nach Medizinstudium an der Universit\u00e4t zu K\u00f6ln bin ich seit 2004 in Hagen und Umgebung in verschiedenen Kliniken unter anderem in Marienhospital Hagen in Geriatrie t\u00e4tig gewesen. Im Jahre 2007 habe ich meine Facharztausbildung zu Facharzt f\u00fcr Innere Medizin abgeschlossen und erhielt im Jahre 2008 die Zusatzbezeichnung Geriatrie (Altersmedizin). Seit 2012 bin ich als haus\u00e4rztlicher Internist in Altenhagen t\u00e4tig.<\/p>\n<h5><\/h5>\n<h5>LEBENSLAUF<\/h5>\n<\/div>\n<\/div><\/div><div id=\"panel-255-0-1-1\" class=\"so-panel widget widget_pw_notice widget-notice\" data-index=\"3\" ><div class=\"panel-widget-style panel-widget-style-for-255-0-1-1\" >\t\t\t<div class=\"important-notice\">\n\t\t\t\t<div class=\"important-notice__label\" style=\"background-color: #1a2273;\">\n\t\t\t\t\t<i class=\"fa  fa-chevron-circle-right\" aria-hidden=\"true\"><\/i>\n\t\t\t\t\t<div class=\"important-notice__label-text\">\n\t\t\t\t\t\t1989-1996\t\t\t\t\t<\/div>\n\t\t\t\t<\/div>\n\t\t\t\t<div class=\"important-notice__text\">\n\t\t\t\t\t\tMedizinstudium in K\u00f6ln\t\t\t\t<\/div>\n\t\t\t<\/div>\n\t\t<\/div><\/div><div id=\"panel-255-0-1-2\" class=\"so-panel widget widget_pw_notice widget-notice\" data-index=\"4\" ><div class=\"panel-widget-style panel-widget-style-for-255-0-1-2\" >\t\t\t<div class=\"important-notice\">\n\t\t\t\t<div class=\"important-notice__label\" style=\"background-color: #1a2273;\">\n\t\t\t\t\t<i class=\"fa  fa-chevron-circle-right\" aria-hidden=\"true\"><\/i>\n\t\t\t\t\t<div class=\"important-notice__label-text\">\n\t\t\t\t\t\t1996\t\t\t\t\t<\/div>\n\t\t\t\t<\/div>\n\t\t\t\t<div class=\"important-notice__text\">\n\t\t\t\t\t\tApprobation als Arzt \t\t\t\t<\/div>\n\t\t\t<\/div>\n\t\t<\/div><\/div><div id=\"panel-255-0-1-3\" class=\"so-panel widget widget_pw_notice widget-notice\" data-index=\"5\" ><div class=\"panel-widget-style panel-widget-style-for-255-0-1-3\" >\t\t\t<div class=\"important-notice\">\n\t\t\t\t<div class=\"important-notice__label\" style=\"background-color: #1a2273;\">\n\t\t\t\t\t<i class=\"fa  fa-chevron-circle-right\" aria-hidden=\"true\"><\/i>\n\t\t\t\t\t<div class=\"important-notice__label-text\">\n\t\t\t\t\t\t2003\t\t\t\t\t<\/div>\n\t\t\t\t<\/div>\n\t\t\t\t<div class=\"important-notice__text\">\n\t\t\t\t\t\tPromotion zum Doktor der Medizin an der Universit\u00e4t zu K\u00f6ln\t\t\t\t<\/div>\n\t\t\t<\/div>\n\t\t<\/div><\/div><div id=\"panel-255-0-1-4\" class=\"so-panel widget widget_pw_notice widget-notice\" data-index=\"6\" ><div class=\"panel-widget-style panel-widget-style-for-255-0-1-4\" >\t\t\t<div class=\"important-notice\">\n\t\t\t\t<div class=\"important-notice__label\" style=\"background-color: #1a2273;\">\n\t\t\t\t\t<i class=\"fa  fa-chevron-circle-right\" aria-hidden=\"true\"><\/i>\n\t\t\t\t\t<div class=\"important-notice__label-text\">\n\t\t\t\t\t\t2003\t\t\t\t\t<\/div>\n\t\t\t\t<\/div>\n\t\t\t\t<div class=\"important-notice__text\">\n\t\t\t\t\t\tFachkunde Rettungsdienst \t\t\t\t<\/div>\n\t\t\t<\/div>\n\t\t<\/div><\/div><div id=\"panel-255-0-1-5\" class=\"so-panel widget widget_pw_notice widget-notice\" data-index=\"7\" ><div class=\"panel-widget-style panel-widget-style-for-255-0-1-5\" >\t\t\t<div class=\"important-notice\">\n\t\t\t\t<div class=\"important-notice__label\" style=\"background-color: #1a2273;\">\n\t\t\t\t\t<i class=\"fa  fa-chevron-circle-right\" aria-hidden=\"true\"><\/i>\n\t\t\t\t\t<div class=\"important-notice__label-text\">\n\t\t\t\t\t\t2007\t\t\t\t\t<\/div>\n\t\t\t\t<\/div>\n\t\t\t\t<div class=\"important-notice__text\">\n\t\t\t\t\t\tFacharztanerkennung f\u00fcr Innere Medizin\t\t\t\t<\/div>\n\t\t\t<\/div>\n\t\t<\/div><\/div><div id=\"panel-255-0-1-6\" class=\"so-panel widget widget_pw_notice widget-notice\" data-index=\"8\" ><div class=\"panel-widget-style panel-widget-style-for-255-0-1-6\" >\t\t\t<div class=\"important-notice\">\n\t\t\t\t<div class=\"important-notice__label\" style=\"background-color: #1a2273;\">\n\t\t\t\t\t<i class=\"fa  fa-chevron-circle-right\" aria-hidden=\"true\"><\/i>\n\t\t\t\t\t<div class=\"important-notice__label-text\">\n\t\t\t\t\t\t2008\t\t\t\t\t<\/div>\n\t\t\t\t<\/div>\n\t\t\t\t<div class=\"important-notice__text\">\n\t\t\t\t\t\tZusatzbezeichnung Geriatrie\t\t\t\t<\/div>\n\t\t\t<\/div>\n\t\t<\/div><\/div><div id=\"panel-255-0-1-7\" class=\"so-panel widget widget_pw_notice widget-notice\" data-index=\"9\" ><div class=\"panel-widget-style panel-widget-style-for-255-0-1-7\" >\t\t\t<div class=\"important-notice\">\n\t\t\t\t<div class=\"important-notice__label\" style=\"background-color: #1a2273;\">\n\t\t\t\t\t<i class=\"fa  fa-chevron-circle-right\" aria-hidden=\"true\"><\/i>\n\t\t\t\t\t<div class=\"important-notice__label-text\">\n\t\t\t\t\t\t2011\t\t\t\t\t<\/div>\n\t\t\t\t<\/div>\n\t\t\t\t<div class=\"important-notice__text\">\n\t\t\t\t\t\tHaus\u00e4rtzliche psych. Grundversorgung\t\t\t\t<\/div>\n\t\t\t<\/div>\n\t\t<\/div><\/div><div id=\"panel-255-0-1-8\" class=\"so-panel widget widget_pw_notice widget-notice panel-last-child\" data-index=\"10\" ><div class=\"panel-widget-style panel-widget-style-for-255-0-1-8\" >\t\t\t<div class=\"important-notice\">\n\t\t\t\t<div class=\"important-notice__label\" style=\"background-color: #1a2273;\">\n\t\t\t\t\t<i class=\"fa  fa-chevron-circle-right\" aria-hidden=\"true\"><\/i>\n\t\t\t\t\t<div class=\"important-notice__label-text\">\n\t\t\t\t\t\t2012\t\t\t\t\t<\/div>\n\t\t\t\t<\/div>\n\t\t\t\t<div class=\"important-notice__text\">\n\t\t\t\t\t\tNiederlassung als Hausarzt in Hagen\t\t\t\t<\/div>\n\t\t\t<\/div>\n\t\t<\/div><\/div><\/div><\/div><\/div>","protected":false},"excerpt":{"rendered":"<p>&nbsp; &nbsp; \u00dcber mich Nach Medizinstudium an der Universit\u00e4t zu K\u00f6ln bin ich seit 2004 in Hagen und Umgebung in verschiedenen Kliniken unter anderem in Marienhospital Hagen in Geriatrie t\u00e4tig gewesen. Im Jahre 2007 habe ich meine Facharztausbildung zu Facharzt f\u00fcr Innere Medizin abgeschlossen und erhielt im Jahre 2008 die Zusatzbezeichnung Geriatrie (Altersmedizin). Seit 2012 &hellip;<\/p>\n","protected":false},"author":1,"featured_media":971,"parent":112,"menu_order":0,"comment_status":"closed","ping_status":"closed","template":"","meta":{"footnotes":""},"class_list":{"0":"post-255","1":"page","2":"type-page","3":"status-publish","4":"has-post-thumbnail","6":"clearfix","7":"article"},"acf":[],"_links":{"self":[{"href":"https:\/\/hausarztpraxis-hagen.de\/index.php?rest_route=\/wp\/v2\/pages\/255","targetHints":{"allow":["GET"]}}],"collection":[{"href":"https:\/\/hausarztpraxis-hagen.de\/index.php?rest_route=\/wp\/v2\/pages"}],"about":[{"href":"https:\/\/hausarztpraxis-hagen.de\/index.php?rest_route=\/wp\/v2\/types\/page"}],"author":[{"embeddable":true,"href":"https:\/\/hausarztpraxis-hagen.de\/index.php?rest_route=\/wp\/v2\/users\/1"}],"replies":[{"embeddable":true,"href":"https:\/\/hausarztpraxis-hagen.de\/index.php?rest_route=%2Fwp%2Fv2%2Fcomments&post=255"}],"version-history":[{"count":10,"href":"https:\/\/hausarztpraxis-hagen.de\/index.php?rest_route=\/wp\/v2\/pages\/255\/revisions"}],"predecessor-version":[{"id":2136,"href":"https:\/\/hausarztpraxis-hagen.de\/index.php?rest_route=\/wp\/v2\/pages\/255\/revisions\/2136"}],"up":[{"embeddable":true,"href":"https:\/\/hausarztpraxis-hagen.de\/index.php?rest_route=\/wp\/v2\/pages\/112"}],"wp:featuredmedia":[{"embeddable":true,"href":"https:\/\/hausarztpraxis-hagen.de\/index.php?rest_route=\/wp\/v2\/media\/971"}],"wp:attachment":[{"href":"https:\/\/hausarztpraxis-hagen.de\/index.php?rest_route=%2Fwp%2Fv2%2Fmedia&parent=255"}],"curies":[{"name":"wp","href":"https:\/\/api.w.org\/{rel}","templated":true}]}}